{"id":1505,"date":"2025-11-07T10:56:54","date_gmt":"2025-11-07T08:56:54","guid":{"rendered":"https:\/\/sarapirtti.vmh-productions.fi\/kattausajat-ja-poytavaraukset\/"},"modified":"2026-02-19T15:12:19","modified_gmt":"2026-02-19T13:12:19","slug":"servingtimes-reservations","status":"publish","type":"page","link":"https:\/\/sarapirtti.fi\/en\/servingtimes-reservations\/","title":{"rendered":"Serving Times and Table Reservations"},"content":{"rendered":"<div data-colibri-id=\"1505-c1\" class=\"style-980 style-local-1505-c1 position-relative\">\n  <!---->\n  <div data-colibri-component=\"section\" data-colibri-id=\"1505-c2\" id=\"reusable-sections\" class=\"h-section h-section-global-spacing d-flex align-items-lg-center align-items-md-center align-items-center style-985 style-local-1505-c2 position-relative\">\n    <!---->\n    <!---->\n    <div class=\"h-section-grid-container h-section-boxed-container\">\n      <!---->\n      <div data-colibri-id=\"1505-c3\" class=\"h-row-container gutters-row-lg-2 gutters-row-md-2 gutters-row-2 gutters-row-v-lg-2 gutters-row-v-md-2 gutters-row-v-2 style-986 style-local-1505-c3 position-relative\">\n        <!---->\n        <div class=\"h-row justify-content-lg-center justify-content-md-center justify-content-center align-items-lg-stretch align-items-md-stretch align-items-stretch gutters-col-lg-2 gutters-col-md-2 gutters-col-2 gutters-col-v-lg-2 gutters-col-v-md-2 gutters-col-v-2\">\n          <!---->\n          <div class=\"h-column h-column-container d-flex h-col-lg-auto h-col-md-auto h-col-auto style-987-outer style-local-1505-c4-outer\">\n            <div data-colibri-id=\"1505-c4\" class=\"d-flex h-flex-basis h-column__inner h-ui-empty-state-container h-px-lg-2 h-px-md-2 h-px-2 v-inner-lg-2 v-inner-md-2 v-inner-2 style-987 style-local-1505-c4 position-relative\">\n              <!---->\n              <!---->\n              <div class=\"w-100 h-y-container h-column__content h-column__v-align flex-basis-100\">\n                <!---->\n              <\/div>\n            <\/div>\n          <\/div>\n          <div class=\"h-column h-column-container d-flex h-col-lg-auto h-col-md-auto h-col-auto style-988-outer style-local-1505-c5-outer\">\n            <div data-colibri-id=\"1505-c5\" class=\"d-flex h-flex-basis h-column__inner h-px-lg-2 h-px-md-2 h-px-2 v-inner-lg-2 v-inner-md-2 v-inner-2 style-988 style-local-1505-c5 position-relative\">\n              <!---->\n              <!---->\n              <div class=\"w-100 h-y-container h-column__content h-column__v-align flex-basis-100 align-self-lg-center align-self-md-center align-self-center\">\n                <!---->\n                <div data-colibri-id=\"1505-c6\" class=\"h-global-transition-all h-heading style-989 style-local-1505-c6 position-relative h-element\">\n                  <!---->\n                  <div class=\"h-heading__outer style-989 style-local-1505-c6\">\n                    <!---->\n                    <!---->\n                    <h6 class=\"\">Serving Times and Table Reservations &#8211; ravintola kippurasarvi<\/h6>\n                  <\/div>\n                <\/div>\n                <div data-colibri-id=\"1505-c7\" class=\"h-global-transition-all h-heading style-990 style-local-1505-c7 position-relative h-element\">\n                  <!---->\n                  <div class=\"h-heading__outer style-990 style-local-1505-c7\">\n                    <!---->\n                    <!---->\n                    <h3 class=\"\">Welcome to enjoy a delicious meal!<\/h3>\n                  <\/div>\n                <\/div>\n                <div data-colibri-id=\"1505-c8\" class=\"h-text h-text-component style-991 style-local-1505-c8 position-relative h-element\">\n                  <!---->\n                  <!---->\n                  <div class=\"\">\n                    <p>There is no minimum number of guests for the serving times listed below. For groups of more than 10 people, we can also prepare s\u00e4r\u00e4 at a separately agreed time. Reservations can be made via the table reservation form or by phone.\n                      <br>\n                      <br><span style=\"font-weight: 600;\">A table reservation is always required.<\/span><\/p>\n                  <\/div>\n                <\/div>\n                <div data-colibri-id=\"1505-c9\" class=\"h-x-container style-992 style-local-1505-c9 position-relative h-element\">\n                  <!---->\n                  <div class=\"h-x-container-inner style-dynamic-1505-c9-group style-992-spacing style-local-1505-c9-spacing\"><span class=\"h-button__outer style-993-outer style-local-1505-c10-outer d-inline-flex h-element\"><a h-use-smooth-scroll=\"true\" href=\"https:\/\/v2.tableonline.fi\/instabook\/bookings\/hI56Fbd\"  data-colibri-id=\"1505-c10\" class=\"d-flex w-100 align-items-center h-button justify-content-lg-center justify-content-md-center justify-content-center style-993 style-local-1505-c10 position-relative\"><!----><!----> <span>Make a reservation<\/span><\/a>\n                    <\/span>\n                  <\/div>\n                <\/div>\n              <\/div>\n            <\/div>\n          <\/div>\n        <\/div>\n      <\/div>\n      <div data-colibri-id=\"1505-c11\" class=\"h-row-container gutters-row-lg-2 gutters-row-md-2 gutters-row-0 gutters-row-v-lg-2 gutters-row-v-md-2 gutters-row-v-2 style-994 style-local-1505-c11 position-relative\">\n        <!---->\n        <div class=\"h-row justify-content-lg-center justify-content-md-center justify-content-center align-items-lg-stretch align-items-md-stretch align-items-stretch gutters-col-lg-2 gutters-col-md-2 gutters-col-0 gutters-col-v-lg-2 gutters-col-v-md-2 gutters-col-v-2\">\n          <!---->\n          <div class=\"h-column h-column-container d-flex h-col-lg-auto h-col-md-auto h-col-auto style-995-outer style-local-1505-c12-outer\">\n            <div data-colibri-id=\"1505-c12\" class=\"d-flex h-flex-basis h-column__inner h-px-lg-2 h-px-md-2 h-px-2 v-inner-lg-2 v-inner-md-2 v-inner-2 style-995 style-local-1505-c12 position-relative\">\n              <!---->\n              <!---->\n              <div class=\"w-100 h-y-container h-column__content h-column__v-align flex-basis-100 align-self-lg-start align-self-md-start align-self-start\">\n                <!---->\n                <div data-colibri-id=\"1505-c13\" class=\"style-996 style-local-1505-c13 position-relative h-element\">\n                  <!---->\n                <\/div>\n              <\/div>\n            <\/div>\n          <\/div>\n        <\/div>\n      <\/div>\n    <\/div>\n  <\/div>\n<\/div>","protected":false},"excerpt":{"rendered":"<p>Serving Times and Table Reservations &#8211; ravintola kippurasarvi Welcome to enjoy a delicious meal! There is no minimum number of guests for the serving times listed below. For groups of more than 10 people, we can also prepare s\u00e4r\u00e4 at a separately agreed time. Reservations can be made via the table reservation form or by [&hellip;]<\/p>\n","protected":false},"author":1,"featured_media":3802,"parent":0,"menu_order":0,"comment_status":"closed","ping_status":"closed","template":"page-templates\/full-width-page.php","meta":{"footnotes":""},"class_list":["post-1505","page","type-page","status-publish","has-post-thumbnail","hentry"],"yoast_head":"<!-- This site is optimized with the Yoast SEO plugin v27.4 - https:\/\/yoast.com\/product\/yoast-seo-wordpress\/ -->\n<title>Serving Times and Table Reservations - S\u00e4r\u00e4pirtti - Lemin S\u00e4r\u00e4, Aito ja alkuper\u00e4inen<\/title>\n<meta name=\"robots\" content=\"index, follow, max-snippet:-1, max-image-preview:large, max-video-preview:-1\" \/>\n<link rel=\"canonical\" href=\"https:\/\/sarapirtti.fi\/en\/servingtimes-reservations\/\" \/>\n<meta property=\"og:locale\" content=\"en_US\" \/>\n<meta property=\"og:type\" content=\"article\" \/>\n<meta property=\"og:title\" content=\"Serving Times and Table Reservations - S\u00e4r\u00e4pirtti - Lemin S\u00e4r\u00e4, Aito ja alkuper\u00e4inen\" \/>\n<meta property=\"og:description\" content=\"Serving Times and Table Reservations &#8211; ravintola kippurasarvi Welcome to enjoy a delicious meal! There is no minimum number of guests for the serving times listed below. For groups of more than 10 people, we can also prepare s\u00e4r\u00e4 at a separately agreed time. Reservations can be made via the table reservation form or by [&hellip;]\" \/>\n<meta property=\"og:url\" content=\"https:\/\/sarapirtti.fi\/en\/servingtimes-reservations\/\" \/>\n<meta property=\"og:site_name\" content=\"S\u00e4r\u00e4pirtti - Lemin S\u00e4r\u00e4, Aito ja alkuper\u00e4inen\" \/>\n<meta property=\"article:modified_time\" content=\"2026-02-19T13:12:19+00:00\" \/>\n<meta property=\"og:image\" content=\"https:\/\/sarapirtti.fi\/wp-content\/uploads\/2026\/02\/Sarapirtti_ravintola-Lemi-4.jpg\" \/>\n\t<meta property=\"og:image:width\" content=\"960\" \/>\n\t<meta property=\"og:image:height\" content=\"675\" \/>\n\t<meta property=\"og:image:type\" content=\"image\/jpeg\" \/>\n<meta name=\"twitter:card\" content=\"summary_large_image\" \/>\n<meta name=\"twitter:label1\" content=\"Est. reading time\" \/>\n\t<meta name=\"twitter:data1\" content=\"1 minute\" \/>\n<script type=\"application\/ld+json\" class=\"yoast-schema-graph\">{\"@context\":\"https:\\\/\\\/schema.org\",\"@graph\":[{\"@type\":\"WebPage\",\"@id\":\"https:\\\/\\\/sarapirtti.fi\\\/en\\\/servingtimes-reservations\\\/\",\"url\":\"https:\\\/\\\/sarapirtti.fi\\\/en\\\/servingtimes-reservations\\\/\",\"name\":\"Serving Times and Table Reservations - S\u00e4r\u00e4pirtti - Lemin S\u00e4r\u00e4, Aito ja alkuper\u00e4inen\",\"isPartOf\":{\"@id\":\"https:\\\/\\\/sarapirtti.fi\\\/en\\\/#website\"},\"primaryImageOfPage\":{\"@id\":\"https:\\\/\\\/sarapirtti.fi\\\/en\\\/servingtimes-reservations\\\/#primaryimage\"},\"image\":{\"@id\":\"https:\\\/\\\/sarapirtti.fi\\\/en\\\/servingtimes-reservations\\\/#primaryimage\"},\"thumbnailUrl\":\"https:\\\/\\\/sarapirtti.fi\\\/wp-content\\\/uploads\\\/2026\\\/02\\\/Sarapirtti_ravintola-Lemi-4.jpg\",\"datePublished\":\"2025-11-07T08:56:54+00:00\",\"dateModified\":\"2026-02-19T13:12:19+00:00\",\"breadcrumb\":{\"@id\":\"https:\\\/\\\/sarapirtti.fi\\\/en\\\/servingtimes-reservations\\\/#breadcrumb\"},\"inLanguage\":\"en-US\",\"potentialAction\":[{\"@type\":\"ReadAction\",\"target\":[\"https:\\\/\\\/sarapirtti.fi\\\/en\\\/servingtimes-reservations\\\/\"]}]},{\"@type\":\"ImageObject\",\"inLanguage\":\"en-US\",\"@id\":\"https:\\\/\\\/sarapirtti.fi\\\/en\\\/servingtimes-reservations\\\/#primaryimage\",\"url\":\"https:\\\/\\\/sarapirtti.fi\\\/wp-content\\\/uploads\\\/2026\\\/02\\\/Sarapirtti_ravintola-Lemi-4.jpg\",\"contentUrl\":\"https:\\\/\\\/sarapirtti.fi\\\/wp-content\\\/uploads\\\/2026\\\/02\\\/Sarapirtti_ravintola-Lemi-4.jpg\",\"width\":960,\"height\":675},{\"@type\":\"BreadcrumbList\",\"@id\":\"https:\\\/\\\/sarapirtti.fi\\\/en\\\/servingtimes-reservations\\\/#breadcrumb\",\"itemListElement\":[{\"@type\":\"ListItem\",\"position\":1,\"name\":\"Etusivu\",\"item\":\"https:\\\/\\\/sarapirtti.fi\\\/en\\\/\"},{\"@type\":\"ListItem\",\"position\":2,\"name\":\"Serving Times and Table Reservations\"}]},{\"@type\":\"WebSite\",\"@id\":\"https:\\\/\\\/sarapirtti.fi\\\/en\\\/#website\",\"url\":\"https:\\\/\\\/sarapirtti.fi\\\/en\\\/\",\"name\":\"S\u00e4r\u00e4pirtti - Lemin S\u00e4r\u00e4, Aito ja alkuper\u00e4inen\",\"description\":\"S\u00e4r\u00e4pirtti Kippurasarvi on Suomen ainoa yhden ruuan ravintola. Tarjoamme ymp\u00e4rivuotisesti Lemin s\u00e4r\u00e4\u00e4 ravintolassa, sek\u00e4 s\u00e4r\u00e4\u00e4 voi tilata my\u00f6s verkkokaupan kautta. S\u00e4r\u00e4 on 1000 v perinteen mukaisesti, koivukaukalossa kypsennetty\u00e4 lammasherkkua.\",\"publisher\":{\"@id\":\"https:\\\/\\\/sarapirtti.fi\\\/en\\\/#organization\"},\"potentialAction\":[{\"@type\":\"SearchAction\",\"target\":{\"@type\":\"EntryPoint\",\"urlTemplate\":\"https:\\\/\\\/sarapirtti.fi\\\/en\\\/?s={search_term_string}\"},\"query-input\":{\"@type\":\"PropertyValueSpecification\",\"valueRequired\":true,\"valueName\":\"search_term_string\"}}],\"inLanguage\":\"en-US\"},{\"@type\":\"Organization\",\"@id\":\"https:\\\/\\\/sarapirtti.fi\\\/en\\\/#organization\",\"name\":\"S\u00e4r\u00e4pirtti - Lemin S\u00e4r\u00e4, Aito ja alkuper\u00e4inen\",\"url\":\"https:\\\/\\\/sarapirtti.fi\\\/en\\\/\",\"logo\":{\"@type\":\"ImageObject\",\"inLanguage\":\"en-US\",\"@id\":\"https:\\\/\\\/sarapirtti.fi\\\/en\\\/#\\\/schema\\\/logo\\\/image\\\/\",\"url\":\"https:\\\/\\\/sarapirtti.fi\\\/wp-content\\\/uploads\\\/2025\\\/11\\\/cropped-cropped-cropped-cropped-cropped-cropped-cropped-sarapirtti-1.png\",\"contentUrl\":\"https:\\\/\\\/sarapirtti.fi\\\/wp-content\\\/uploads\\\/2025\\\/11\\\/cropped-cropped-cropped-cropped-cropped-cropped-cropped-sarapirtti-1.png\",\"width\":448,\"height\":278,\"caption\":\"S\u00e4r\u00e4pirtti - Lemin S\u00e4r\u00e4, Aito ja alkuper\u00e4inen\"},\"image\":{\"@id\":\"https:\\\/\\\/sarapirtti.fi\\\/en\\\/#\\\/schema\\\/logo\\\/image\\\/\"}}]}<\/script>\n<!-- \/ Yoast SEO plugin. -->","yoast_head_json":{"title":"Serving Times and Table Reservations - S\u00e4r\u00e4pirtti - Lemin S\u00e4r\u00e4, Aito ja alkuper\u00e4inen","robots":{"index":"index","follow":"follow","max-snippet":"max-snippet:-1","max-image-preview":"max-image-preview:large","max-video-preview":"max-video-preview:-1"},"canonical":"https:\/\/sarapirtti.fi\/en\/servingtimes-reservations\/","og_locale":"en_US","og_type":"article","og_title":"Serving Times and Table Reservations - S\u00e4r\u00e4pirtti - Lemin S\u00e4r\u00e4, Aito ja alkuper\u00e4inen","og_description":"Serving Times and Table Reservations &#8211; ravintola kippurasarvi Welcome to enjoy a delicious meal! There is no minimum number of guests for the serving times listed below. For groups of more than 10 people, we can also prepare s\u00e4r\u00e4 at a separately agreed time. Reservations can be made via the table reservation form or by [&hellip;]","og_url":"https:\/\/sarapirtti.fi\/en\/servingtimes-reservations\/","og_site_name":"S\u00e4r\u00e4pirtti - Lemin S\u00e4r\u00e4, Aito ja alkuper\u00e4inen","article_modified_time":"2026-02-19T13:12:19+00:00","og_image":[{"width":960,"height":675,"url":"https:\/\/sarapirtti.fi\/wp-content\/uploads\/2026\/02\/Sarapirtti_ravintola-Lemi-4.jpg","type":"image\/jpeg"}],"twitter_card":"summary_large_image","twitter_misc":{"Est. reading time":"1 minute"},"schema":{"@context":"https:\/\/schema.org","@graph":[{"@type":"WebPage","@id":"https:\/\/sarapirtti.fi\/en\/servingtimes-reservations\/","url":"https:\/\/sarapirtti.fi\/en\/servingtimes-reservations\/","name":"Serving Times and Table Reservations - S\u00e4r\u00e4pirtti - Lemin S\u00e4r\u00e4, Aito ja alkuper\u00e4inen","isPartOf":{"@id":"https:\/\/sarapirtti.fi\/en\/#website"},"primaryImageOfPage":{"@id":"https:\/\/sarapirtti.fi\/en\/servingtimes-reservations\/#primaryimage"},"image":{"@id":"https:\/\/sarapirtti.fi\/en\/servingtimes-reservations\/#primaryimage"},"thumbnailUrl":"https:\/\/sarapirtti.fi\/wp-content\/uploads\/2026\/02\/Sarapirtti_ravintola-Lemi-4.jpg","datePublished":"2025-11-07T08:56:54+00:00","dateModified":"2026-02-19T13:12:19+00:00","breadcrumb":{"@id":"https:\/\/sarapirtti.fi\/en\/servingtimes-reservations\/#breadcrumb"},"inLanguage":"en-US","potentialAction":[{"@type":"ReadAction","target":["https:\/\/sarapirtti.fi\/en\/servingtimes-reservations\/"]}]},{"@type":"ImageObject","inLanguage":"en-US","@id":"https:\/\/sarapirtti.fi\/en\/servingtimes-reservations\/#primaryimage","url":"https:\/\/sarapirtti.fi\/wp-content\/uploads\/2026\/02\/Sarapirtti_ravintola-Lemi-4.jpg","contentUrl":"https:\/\/sarapirtti.fi\/wp-content\/uploads\/2026\/02\/Sarapirtti_ravintola-Lemi-4.jpg","width":960,"height":675},{"@type":"BreadcrumbList","@id":"https:\/\/sarapirtti.fi\/en\/servingtimes-reservations\/#breadcrumb","itemListElement":[{"@type":"ListItem","position":1,"name":"Etusivu","item":"https:\/\/sarapirtti.fi\/en\/"},{"@type":"ListItem","position":2,"name":"Serving Times and Table Reservations"}]},{"@type":"WebSite","@id":"https:\/\/sarapirtti.fi\/en\/#website","url":"https:\/\/sarapirtti.fi\/en\/","name":"S\u00e4r\u00e4pirtti - Lemin S\u00e4r\u00e4, Aito ja alkuper\u00e4inen","description":"S\u00e4r\u00e4pirtti Kippurasarvi on Suomen ainoa yhden ruuan ravintola. Tarjoamme ymp\u00e4rivuotisesti Lemin s\u00e4r\u00e4\u00e4 ravintolassa, sek\u00e4 s\u00e4r\u00e4\u00e4 voi tilata my\u00f6s verkkokaupan kautta. S\u00e4r\u00e4 on 1000 v perinteen mukaisesti, koivukaukalossa kypsennetty\u00e4 lammasherkkua.","publisher":{"@id":"https:\/\/sarapirtti.fi\/en\/#organization"},"potentialAction":[{"@type":"SearchAction","target":{"@type":"EntryPoint","urlTemplate":"https:\/\/sarapirtti.fi\/en\/?s={search_term_string}"},"query-input":{"@type":"PropertyValueSpecification","valueRequired":true,"valueName":"search_term_string"}}],"inLanguage":"en-US"},{"@type":"Organization","@id":"https:\/\/sarapirtti.fi\/en\/#organization","name":"S\u00e4r\u00e4pirtti - Lemin S\u00e4r\u00e4, Aito ja alkuper\u00e4inen","url":"https:\/\/sarapirtti.fi\/en\/","logo":{"@type":"ImageObject","inLanguage":"en-US","@id":"https:\/\/sarapirtti.fi\/en\/#\/schema\/logo\/image\/","url":"https:\/\/sarapirtti.fi\/wp-content\/uploads\/2025\/11\/cropped-cropped-cropped-cropped-cropped-cropped-cropped-sarapirtti-1.png","contentUrl":"https:\/\/sarapirtti.fi\/wp-content\/uploads\/2025\/11\/cropped-cropped-cropped-cropped-cropped-cropped-cropped-sarapirtti-1.png","width":448,"height":278,"caption":"S\u00e4r\u00e4pirtti - Lemin S\u00e4r\u00e4, Aito ja alkuper\u00e4inen"},"image":{"@id":"https:\/\/sarapirtti.fi\/en\/#\/schema\/logo\/image\/"}}]}},"_links":{"self":[{"href":"https:\/\/sarapirtti.fi\/en\/wp-json\/wp\/v2\/pages\/1505","targetHints":{"allow":["GET"]}}],"collection":[{"href":"https:\/\/sarapirtti.fi\/en\/wp-json\/wp\/v2\/pages"}],"about":[{"href":"https:\/\/sarapirtti.fi\/en\/wp-json\/wp\/v2\/types\/page"}],"author":[{"embeddable":true,"href":"https:\/\/sarapirtti.fi\/en\/wp-json\/wp\/v2\/users\/1"}],"replies":[{"embeddable":true,"href":"https:\/\/sarapirtti.fi\/en\/wp-json\/wp\/v2\/comments?post=1505"}],"version-history":[{"count":10,"href":"https:\/\/sarapirtti.fi\/en\/wp-json\/wp\/v2\/pages\/1505\/revisions"}],"predecessor-version":[{"id":4375,"href":"https:\/\/sarapirtti.fi\/en\/wp-json\/wp\/v2\/pages\/1505\/revisions\/4375"}],"wp:featuredmedia":[{"embeddable":true,"href":"https:\/\/sarapirtti.fi\/en\/wp-json\/wp\/v2\/media\/3802"}],"wp:attachment":[{"href":"https:\/\/sarapirtti.fi\/en\/wp-json\/wp\/v2\/media?parent=1505"}],"curies":[{"name":"wp","href":"https:\/\/api.w.org\/{rel}","templated":true}]}}