{"id":1444,"date":"2025-09-08T08:23:17","date_gmt":"2025-09-08T05:23:17","guid":{"rendered":"https:\/\/sarapirtti.vmh-productions.fi\/rekisteri-ja-tietosuojaseloste\/"},"modified":"2025-12-12T09:26:26","modified_gmt":"2025-12-12T07:26:26","slug":"rekisteri-ja-tietosuojaseloste","status":"publish","type":"page","link":"https:\/\/sarapirtti.fi\/en\/rekisteri-ja-tietosuojaseloste\/","title":{"rendered":"Register and Privacy Policy"},"content":{"rendered":"<div data-colibri-id=\"1444-c1\" class=\"style-879 style-local-1444-c1 position-relative\">\n  <!---->\n  <div data-colibri-component=\"section\" data-colibri-id=\"1444-c6\" id=\"custom\" class=\"h-section h-section-global-spacing d-flex align-items-lg-center align-items-md-center align-items-center style-884 style-local-1444-c6 position-relative\">\n    <!---->\n    <!---->\n    <div class=\"h-section-grid-container h-section-boxed-container\">\n      <!---->\n      <div data-colibri-id=\"1444-c7\" class=\"h-row-container gutters-row-lg-2 gutters-row-md-2 gutters-row-0 gutters-row-v-lg-2 gutters-row-v-md-2 gutters-row-v-2 style-885 style-local-1444-c7 position-relative\">\n        <!---->\n        <div class=\"h-row justify-content-lg-center justify-content-md-center justify-content-center align-items-lg-stretch align-items-md-stretch align-items-stretch gutters-col-lg-2 gutters-col-md-2 gutters-col-0 gutters-col-v-lg-2 gutters-col-v-md-2 gutters-col-v-2\">\n          <!---->\n          <div class=\"h-column h-column-container d-flex h-col-lg-auto h-col-md-auto h-col-auto style-886-outer style-local-1444-c8-outer\">\n            <div data-colibri-id=\"1444-c8\" class=\"d-flex h-flex-basis h-column__inner h-px-lg-2 h-px-md-2 h-px-2 v-inner-lg-2 v-inner-md-2 v-inner-2 style-886 style-local-1444-c8 position-relative\">\n              <!---->\n              <!---->\n              <div class=\"w-100 h-y-container h-column__content h-column__v-align flex-basis-100 align-self-lg-start align-self-md-start align-self-start\">\n                <!---->\n                <div data-colibri-id=\"1444-c9\" class=\"h-text h-text-component style-887 style-local-1444-c9 position-relative h-element\">\n                  <!---->\n                  <!---->\n                  <div class=\"\">\n                    <h3>Register and Privacy Policy<\/h3>\n                    <p>This is the register and privacy policy of <strong>S\u00e4r\u00e4pirtti Oy<\/strong> in accordance with the Finnish Personal Data Act (Sections 10 and 24) and the EU General Data Protection Regulation (GDPR).\n                      <br> Prepared on 25 May 2018 and updated on 7 May 2024.<\/p>\n                    <h3>Data Controller<\/h3>\n                    <p>S\u00e4r\u00e4pirtti Oy\n                      <br> Rantatie 1\n                      <br> 54710 Lemi\n                      <br> Finland<\/p>\n                    <h3>Contact Person Responsible for the Register<\/h3>\n                    <p>Elias Ruosteinen\n                      <br> <span rel=\"noopener\">elias.ruosteinen@sarapirtti.fi<\/span>\n                      <br> +358 5 414 6470<\/p>\n                    <h3>Name of the Register<\/h3>\n                    <p>Customer Register<\/p>\n                    <h3>Legal Basis and Purpose of Processing Personal Data<\/h3>\n                    <p>The legal basis for processing personal data in accordance with the EU General Data Protection Regulation is based on:<\/p>\n                    <ul>\n                      <li>processing orders and invoicing<\/li>\n                      <li>managing customer relationships and marketing<\/li>\n                    <\/ul>\n                    <h3>Contents of the Register<\/h3>\n                    <p>The register may contain the following information: name, address, phone number, company name, email address, and password.<\/p>\n                    <h3>Regular Sources of Data<\/h3>\n                    <p>Personal data is obtained from customers through, among other things, messages sent via website forms, the online store, email, telephone, social media services, and contracts.\n                      <br> We use cookies to improve the usability of our website. We use Google Analytics to track visitor traffic. The data collected by Google Analytics is anonymous and cannot be used to identify individual users.<\/p>\n                    <h3>Regular Disclosure of Data and Transfer of Data Outside the EU or EEA<\/h3>\n                    <p>Personal data is not disclosed to third parties. The data is stored on a server that is accessible only to persons responsible for maintaining the register. The data is protected by usernames and passwords.<\/p>\n                    <h3>Principles of Register Protection<\/h3>\n                    <p>Care is taken in processing the register, and data processed using information systems is appropriately protected. When register data is stored on an internet server, the physical and digital security of the hardware is properly ensured.\n                      The data controller ensures that stored data, server access rights, and other information critical to personal data security are handled confidentially and only by employees whose job responsibilities require it.<\/p>\n                    <h3>Right of Access and Right to Rectification<\/h3>\n                    <p>Each person registered has the right to inspect their personal data stored in the register and to request the correction of any inaccurate data or completion of incomplete data. Requests for inspection or correction must be submitted\n                      in writing to the data controller. If necessary, the data controller may request proof of identity. The data controller will respond within the time limits set by the GDPR (generally within one month).<\/p>\n                    <h3>Other Rights Related to the Processing of Personal Data<\/h3>\n                    <p>Registered individuals have the right to request the deletion of their personal data from the register (\u201cthe right to be forgotten\u201d). Registered individuals also have other rights under the EU General Data Protection Regulation, such\n                      as the right to restrict processing in certain situations. Requests must be submitted in writing to the data controller. The data controller may request proof of identity if necessary and will respond within the time limits set by\n                      the GDPR (generally within one month).<\/p>\n                  <\/div>\n                <\/div>\n              <\/div>\n            <\/div>\n          <\/div>\n        <\/div>\n      <\/div>\n    <\/div>\n  <\/div>\n<\/div>","protected":false},"excerpt":{"rendered":"<p>Register and Privacy Policy This is the register and privacy policy of S\u00e4r\u00e4pirtti Oy in accordance with the Finnish Personal Data Act (Sections 10 and 24) and the EU General Data Protection Regulation (GDPR). Prepared on 25 May 2018 and updated on 7 May 2024. Data Controller S\u00e4r\u00e4pirtti Oy Rantatie 1 54710 Lemi Finland Contact [&hellip;]<\/p>\n","protected":false},"author":1,"featured_media":0,"parent":0,"menu_order":0,"comment_status":"closed","ping_status":"closed","template":"","meta":{"footnotes":""},"class_list":["post-1444","page","type-page","status-publish","hentry"],"yoast_head":"<!-- This site is optimized with the Yoast SEO plugin v27.4 - https:\/\/yoast.com\/product\/yoast-seo-wordpress\/ -->\n<title>Register and Privacy Policy - S\u00e4r\u00e4pirtti - Lemin S\u00e4r\u00e4, Aito ja alkuper\u00e4inen<\/title>\n<meta name=\"robots\" content=\"index, follow, max-snippet:-1, max-image-preview:large, max-video-preview:-1\" \/>\n<link rel=\"canonical\" href=\"https:\/\/sarapirtti.fi\/en\/rekisteri-ja-tietosuojaseloste\/\" \/>\n<meta property=\"og:locale\" content=\"en_US\" \/>\n<meta property=\"og:type\" content=\"article\" \/>\n<meta property=\"og:title\" content=\"Register and Privacy Policy - S\u00e4r\u00e4pirtti - Lemin S\u00e4r\u00e4, Aito ja alkuper\u00e4inen\" \/>\n<meta property=\"og:description\" content=\"Register and Privacy Policy This is the register and privacy policy of S\u00e4r\u00e4pirtti Oy in accordance with the Finnish Personal Data Act (Sections 10 and 24) and the EU General Data Protection Regulation (GDPR). Prepared on 25 May 2018 and updated on 7 May 2024. Data Controller S\u00e4r\u00e4pirtti Oy Rantatie 1 54710 Lemi Finland Contact [&hellip;]\" \/>\n<meta property=\"og:url\" content=\"https:\/\/sarapirtti.fi\/en\/rekisteri-ja-tietosuojaseloste\/\" \/>\n<meta property=\"og:site_name\" content=\"S\u00e4r\u00e4pirtti - Lemin S\u00e4r\u00e4, Aito ja alkuper\u00e4inen\" \/>\n<meta property=\"article:modified_time\" content=\"2025-12-12T07:26:26+00:00\" \/>\n<meta name=\"twitter:card\" content=\"summary_large_image\" \/>\n<meta name=\"twitter:label1\" content=\"Est. reading time\" \/>\n\t<meta name=\"twitter:data1\" content=\"2 minutes\" \/>\n<script type=\"application\/ld+json\" class=\"yoast-schema-graph\">{\"@context\":\"https:\\\/\\\/schema.org\",\"@graph\":[{\"@type\":\"WebPage\",\"@id\":\"https:\\\/\\\/sarapirtti.fi\\\/en\\\/rekisteri-ja-tietosuojaseloste\\\/\",\"url\":\"https:\\\/\\\/sarapirtti.fi\\\/en\\\/rekisteri-ja-tietosuojaseloste\\\/\",\"name\":\"Register and Privacy Policy - S\u00e4r\u00e4pirtti - Lemin S\u00e4r\u00e4, Aito ja alkuper\u00e4inen\",\"isPartOf\":{\"@id\":\"https:\\\/\\\/sarapirtti.fi\\\/en\\\/#website\"},\"datePublished\":\"2025-09-08T05:23:17+00:00\",\"dateModified\":\"2025-12-12T07:26:26+00:00\",\"breadcrumb\":{\"@id\":\"https:\\\/\\\/sarapirtti.fi\\\/en\\\/rekisteri-ja-tietosuojaseloste\\\/#breadcrumb\"},\"inLanguage\":\"en-US\",\"potentialAction\":[{\"@type\":\"ReadAction\",\"target\":[\"https:\\\/\\\/sarapirtti.fi\\\/en\\\/rekisteri-ja-tietosuojaseloste\\\/\"]}]},{\"@type\":\"BreadcrumbList\",\"@id\":\"https:\\\/\\\/sarapirtti.fi\\\/en\\\/rekisteri-ja-tietosuojaseloste\\\/#breadcrumb\",\"itemListElement\":[{\"@type\":\"ListItem\",\"position\":1,\"name\":\"Etusivu\",\"item\":\"https:\\\/\\\/sarapirtti.fi\\\/en\\\/\"},{\"@type\":\"ListItem\",\"position\":2,\"name\":\"Register and Privacy Policy\"}]},{\"@type\":\"WebSite\",\"@id\":\"https:\\\/\\\/sarapirtti.fi\\\/en\\\/#website\",\"url\":\"https:\\\/\\\/sarapirtti.fi\\\/en\\\/\",\"name\":\"S\u00e4r\u00e4pirtti - Lemin S\u00e4r\u00e4, Aito ja alkuper\u00e4inen\",\"description\":\"S\u00e4r\u00e4pirtti Kippurasarvi on Suomen ainoa yhden ruuan ravintola. Tarjoamme ymp\u00e4rivuotisesti Lemin s\u00e4r\u00e4\u00e4 ravintolassa, sek\u00e4 s\u00e4r\u00e4\u00e4 voi tilata my\u00f6s verkkokaupan kautta. S\u00e4r\u00e4 on 1000 v perinteen mukaisesti, koivukaukalossa kypsennetty\u00e4 lammasherkkua.\",\"publisher\":{\"@id\":\"https:\\\/\\\/sarapirtti.fi\\\/en\\\/#organization\"},\"potentialAction\":[{\"@type\":\"SearchAction\",\"target\":{\"@type\":\"EntryPoint\",\"urlTemplate\":\"https:\\\/\\\/sarapirtti.fi\\\/en\\\/?s={search_term_string}\"},\"query-input\":{\"@type\":\"PropertyValueSpecification\",\"valueRequired\":true,\"valueName\":\"search_term_string\"}}],\"inLanguage\":\"en-US\"},{\"@type\":\"Organization\",\"@id\":\"https:\\\/\\\/sarapirtti.fi\\\/en\\\/#organization\",\"name\":\"S\u00e4r\u00e4pirtti - Lemin S\u00e4r\u00e4, Aito ja alkuper\u00e4inen\",\"url\":\"https:\\\/\\\/sarapirtti.fi\\\/en\\\/\",\"logo\":{\"@type\":\"ImageObject\",\"inLanguage\":\"en-US\",\"@id\":\"https:\\\/\\\/sarapirtti.fi\\\/en\\\/#\\\/schema\\\/logo\\\/image\\\/\",\"url\":\"https:\\\/\\\/sarapirtti.fi\\\/wp-content\\\/uploads\\\/2025\\\/11\\\/cropped-cropped-cropped-cropped-cropped-cropped-cropped-sarapirtti-1.png\",\"contentUrl\":\"https:\\\/\\\/sarapirtti.fi\\\/wp-content\\\/uploads\\\/2025\\\/11\\\/cropped-cropped-cropped-cropped-cropped-cropped-cropped-sarapirtti-1.png\",\"width\":448,\"height\":278,\"caption\":\"S\u00e4r\u00e4pirtti - Lemin S\u00e4r\u00e4, Aito ja alkuper\u00e4inen\"},\"image\":{\"@id\":\"https:\\\/\\\/sarapirtti.fi\\\/en\\\/#\\\/schema\\\/logo\\\/image\\\/\"}}]}<\/script>\n<!-- \/ Yoast SEO plugin. -->","yoast_head_json":{"title":"Register and Privacy Policy - S\u00e4r\u00e4pirtti - Lemin S\u00e4r\u00e4, Aito ja alkuper\u00e4inen","robots":{"index":"index","follow":"follow","max-snippet":"max-snippet:-1","max-image-preview":"max-image-preview:large","max-video-preview":"max-video-preview:-1"},"canonical":"https:\/\/sarapirtti.fi\/en\/rekisteri-ja-tietosuojaseloste\/","og_locale":"en_US","og_type":"article","og_title":"Register and Privacy Policy - S\u00e4r\u00e4pirtti - Lemin S\u00e4r\u00e4, Aito ja alkuper\u00e4inen","og_description":"Register and Privacy Policy This is the register and privacy policy of S\u00e4r\u00e4pirtti Oy in accordance with the Finnish Personal Data Act (Sections 10 and 24) and the EU General Data Protection Regulation (GDPR). Prepared on 25 May 2018 and updated on 7 May 2024. Data Controller S\u00e4r\u00e4pirtti Oy Rantatie 1 54710 Lemi Finland Contact [&hellip;]","og_url":"https:\/\/sarapirtti.fi\/en\/rekisteri-ja-tietosuojaseloste\/","og_site_name":"S\u00e4r\u00e4pirtti - Lemin S\u00e4r\u00e4, Aito ja alkuper\u00e4inen","article_modified_time":"2025-12-12T07:26:26+00:00","twitter_card":"summary_large_image","twitter_misc":{"Est. reading time":"2 minutes"},"schema":{"@context":"https:\/\/schema.org","@graph":[{"@type":"WebPage","@id":"https:\/\/sarapirtti.fi\/en\/rekisteri-ja-tietosuojaseloste\/","url":"https:\/\/sarapirtti.fi\/en\/rekisteri-ja-tietosuojaseloste\/","name":"Register and Privacy Policy - S\u00e4r\u00e4pirtti - Lemin S\u00e4r\u00e4, Aito ja alkuper\u00e4inen","isPartOf":{"@id":"https:\/\/sarapirtti.fi\/en\/#website"},"datePublished":"2025-09-08T05:23:17+00:00","dateModified":"2025-12-12T07:26:26+00:00","breadcrumb":{"@id":"https:\/\/sarapirtti.fi\/en\/rekisteri-ja-tietosuojaseloste\/#breadcrumb"},"inLanguage":"en-US","potentialAction":[{"@type":"ReadAction","target":["https:\/\/sarapirtti.fi\/en\/rekisteri-ja-tietosuojaseloste\/"]}]},{"@type":"BreadcrumbList","@id":"https:\/\/sarapirtti.fi\/en\/rekisteri-ja-tietosuojaseloste\/#breadcrumb","itemListElement":[{"@type":"ListItem","position":1,"name":"Etusivu","item":"https:\/\/sarapirtti.fi\/en\/"},{"@type":"ListItem","position":2,"name":"Register and Privacy Policy"}]},{"@type":"WebSite","@id":"https:\/\/sarapirtti.fi\/en\/#website","url":"https:\/\/sarapirtti.fi\/en\/","name":"S\u00e4r\u00e4pirtti - Lemin S\u00e4r\u00e4, Aito ja alkuper\u00e4inen","description":"S\u00e4r\u00e4pirtti Kippurasarvi on Suomen ainoa yhden ruuan ravintola. Tarjoamme ymp\u00e4rivuotisesti Lemin s\u00e4r\u00e4\u00e4 ravintolassa, sek\u00e4 s\u00e4r\u00e4\u00e4 voi tilata my\u00f6s verkkokaupan kautta. S\u00e4r\u00e4 on 1000 v perinteen mukaisesti, koivukaukalossa kypsennetty\u00e4 lammasherkkua.","publisher":{"@id":"https:\/\/sarapirtti.fi\/en\/#organization"},"potentialAction":[{"@type":"SearchAction","target":{"@type":"EntryPoint","urlTemplate":"https:\/\/sarapirtti.fi\/en\/?s={search_term_string}"},"query-input":{"@type":"PropertyValueSpecification","valueRequired":true,"valueName":"search_term_string"}}],"inLanguage":"en-US"},{"@type":"Organization","@id":"https:\/\/sarapirtti.fi\/en\/#organization","name":"S\u00e4r\u00e4pirtti - Lemin S\u00e4r\u00e4, Aito ja alkuper\u00e4inen","url":"https:\/\/sarapirtti.fi\/en\/","logo":{"@type":"ImageObject","inLanguage":"en-US","@id":"https:\/\/sarapirtti.fi\/en\/#\/schema\/logo\/image\/","url":"https:\/\/sarapirtti.fi\/wp-content\/uploads\/2025\/11\/cropped-cropped-cropped-cropped-cropped-cropped-cropped-sarapirtti-1.png","contentUrl":"https:\/\/sarapirtti.fi\/wp-content\/uploads\/2025\/11\/cropped-cropped-cropped-cropped-cropped-cropped-cropped-sarapirtti-1.png","width":448,"height":278,"caption":"S\u00e4r\u00e4pirtti - Lemin S\u00e4r\u00e4, Aito ja alkuper\u00e4inen"},"image":{"@id":"https:\/\/sarapirtti.fi\/en\/#\/schema\/logo\/image\/"}}]}},"_links":{"self":[{"href":"https:\/\/sarapirtti.fi\/en\/wp-json\/wp\/v2\/pages\/1444","targetHints":{"allow":["GET"]}}],"collection":[{"href":"https:\/\/sarapirtti.fi\/en\/wp-json\/wp\/v2\/pages"}],"about":[{"href":"https:\/\/sarapirtti.fi\/en\/wp-json\/wp\/v2\/types\/page"}],"author":[{"embeddable":true,"href":"https:\/\/sarapirtti.fi\/en\/wp-json\/wp\/v2\/users\/1"}],"replies":[{"embeddable":true,"href":"https:\/\/sarapirtti.fi\/en\/wp-json\/wp\/v2\/comments?post=1444"}],"version-history":[{"count":3,"href":"https:\/\/sarapirtti.fi\/en\/wp-json\/wp\/v2\/pages\/1444\/revisions"}],"predecessor-version":[{"id":1450,"href":"https:\/\/sarapirtti.fi\/en\/wp-json\/wp\/v2\/pages\/1444\/revisions\/1450"}],"wp:attachment":[{"href":"https:\/\/sarapirtti.fi\/en\/wp-json\/wp\/v2\/media?parent=1444"}],"curies":[{"name":"wp","href":"https:\/\/api.w.org\/{rel}","templated":true}]}}