{"id":1422,"date":"2025-11-20T10:05:08","date_gmt":"2025-11-20T08:05:08","guid":{"rendered":"https:\/\/sarapirtti.vmh-productions.fi\/herkkupuoti\/"},"modified":"2025-12-16T12:08:24","modified_gmt":"2025-12-16T10:08:24","slug":"delicacyshop","status":"publish","type":"page","link":"https:\/\/sarapirtti.fi\/en\/delicacyshop\/","title":{"rendered":"Delicacy shop"},"content":{"rendered":"<div data-colibri-id=\"1422-c1\" class=\"style-868 style-local-1422-c1 position-relative\">\n  <!---->\n  <div data-colibri-component=\"section\" data-colibri-id=\"1422-c2\" id=\"reusable-sections\" class=\"h-section h-section-global-spacing d-flex align-items-lg-center align-items-md-center align-items-center style-869 style-local-1422-c2 position-relative\">\n    <!---->\n    <!---->\n    <div class=\"h-section-grid-container h-section-boxed-container\">\n      <!---->\n      <div data-colibri-id=\"1422-c3\" class=\"h-row-container gutters-row-lg-2 gutters-row-md-2 gutters-row-2 gutters-row-v-lg-2 gutters-row-v-md-2 gutters-row-v-2 style-870 style-local-1422-c3 position-relative\">\n        <!---->\n        <div class=\"h-row justify-content-lg-center justify-content-md-center justify-content-center align-items-lg-stretch align-items-md-stretch align-items-stretch gutters-col-lg-2 gutters-col-md-2 gutters-col-2 gutters-col-v-lg-2 gutters-col-v-md-2 gutters-col-v-2\">\n          <!---->\n          <div class=\"h-column h-column-container d-flex h-col-lg-auto h-col-md-auto h-col-auto style-871-outer style-local-1422-c4-outer\">\n            <div data-colibri-id=\"1422-c4\" class=\"d-flex h-flex-basis h-column__inner h-px-lg-2 h-px-md-2 h-px-2 v-inner-lg-2 v-inner-md-2 v-inner-2 style-871 style-local-1422-c4 position-relative\">\n              <!---->\n              <!---->\n              <div class=\"w-100 h-y-container h-column__content h-column__v-align flex-basis-100 align-self-lg-center align-self-md-center align-self-center\">\n                <!---->\n                <div data-colibri-id=\"1422-c5\" class=\"d-block style-872 style-local-1422-c5 position-relative h-element\">\n                  <!---->\n                  <div class=\"h-image__frame-container-outer\">\n                    <div class=\"h-image__frame-container\">\n                      <!---->\n                      <!---->\n                      <img loading=\"lazy\" decoding=\"async\" width=\"634\" height=\"681\" src=\"https:\/\/sarapirtti.fi\/wp-content\/uploads\/2025\/11\/cropped-lemin-sara-helles-1.jpg\" class=\"wp-image-946 style-872-image style-local-1422-c5-image\" alt=\"\" srcset=\"https:\/\/sarapirtti.fi\/wp-content\/uploads\/2025\/11\/cropped-lemin-sara-helles-1.jpg 634w, https:\/\/sarapirtti.fi\/wp-content\/uploads\/2025\/11\/cropped-lemin-sara-helles-1-279x300.jpg 279w\" sizes=\"auto, (max-width: 634px) 100vw, 634px\" \/>\n                      <div class=\"h-image__frame h-hide-lg h-hide-md h-hide-sm style-872-frameImage style-local-1422-c5-frameImage\"><\/div>\n                    <\/div>\n                  <\/div>\n                <\/div>\n              <\/div>\n            <\/div>\n          <\/div>\n          <div class=\"h-column h-column-container d-flex h-col-lg-auto h-col-md-auto h-col-auto style-873-outer style-local-1422-c6-outer\">\n            <div data-colibri-id=\"1422-c6\" class=\"d-flex h-flex-basis h-column__inner h-px-lg-2 h-px-md-2 h-px-2 v-inner-lg-2 v-inner-md-2 v-inner-2 style-873 style-local-1422-c6 position-relative\">\n              <!---->\n              <!---->\n              <div class=\"w-100 h-y-container h-column__content h-column__v-align flex-basis-100 align-self-lg-center align-self-md-center align-self-center\">\n                <!---->\n                <div data-colibri-id=\"1422-c7\" class=\"h-global-transition-all h-heading style-874 style-local-1422-c7 position-relative h-element\">\n                  <!---->\n                  <div class=\"h-heading__outer style-874 style-local-1422-c7\">\n                    <!---->\n                    <!---->\n                    <h6 class=\"\">Delicacy shop &#8211; S\u00e4r\u00e4pirtti kippurasarvi<\/h6>\n                  <\/div>\n                <\/div>\n                <div data-colibri-id=\"1422-c8\" class=\"h-global-transition-all h-heading style-875 style-local-1422-c8 position-relative h-element\">\n                  <!---->\n                  <div class=\"h-heading__outer style-875 style-local-1422-c8\">\n                    <!---->\n                    <!---->\n                    <h2 class=\"\">Take our delicacies with you from our shop all year round.<\/h2>\n                  <\/div>\n                <\/div>\n                <div data-colibri-id=\"1422-c9\" class=\"h-text h-text-component style-876 style-local-1422-c9 position-relative h-element\">\n                  <!---->\n                  <!---->\n                  <div class=\"\">\n                    <p>The delicacy shop is always open when the restaurant is open. The delicacy shop sells all the products that are available in our online store throughout the year.<\/p>\n                    <p>No advance reservation is needed for individual portions of s\u00e4r\u00e4 roast, potatoes, and broth.<\/p>\n                    <p>Please order any large volumes and products that should be consumed on the day they are made (e.g. flatbread, cabbage and lamb soup, s\u00e4r\u00e4 soup and cakes) on the previous day.<\/p>\n                    <p>The delicacy shop has a retail sales permit, i.e. the Lemin S\u00c4R\u00c4 HELLES beer and other alcoholic beverages (such as special beers and ciders) that contain no more than 5.5% alcohol by volume can be sold from the premises.<\/p>\n                    <p>Orders and enquiries:&nbsp;\n                      <a href=\"mailto:info@sarapirtti.fi\" style=\"color: rgb(51, 122, 183);\">info@sarapirtti.fi<\/a>\n                    <\/p>\n                  <\/div>\n                <\/div>\n                <div data-colibri-id=\"1422-c10\" class=\"h-x-container style-877 style-local-1422-c10 position-relative h-element\">\n                  <!---->\n                  <div class=\"h-x-container-inner style-dynamic-1422-c10-group style-877-spacing style-local-1422-c10-spacing\"><span class=\"h-button__outer style-878-outer style-local-1422-c11-outer d-inline-flex h-element\"><a h-use-smooth-scroll=\"true\" href=\"mailto:info@sarapirtti.fi\"  data-colibri-id=\"1422-c11\" class=\"d-flex w-100 align-items-center h-button justify-content-lg-center justify-content-md-center justify-content-center style-878 style-local-1422-c11 position-relative\"><!----><!----> <span>Order or enquire<\/span><\/a>\n                    <\/span>\n                  <\/div>\n                <\/div>\n              <\/div>\n            <\/div>\n          <\/div>\n        <\/div>\n      <\/div>\n    <\/div>\n  <\/div>\n<\/div>","protected":false},"excerpt":{"rendered":"<p>Delicacy shop &#8211; S\u00e4r\u00e4pirtti kippurasarvi Take our delicacies with you from our shop all year round. The delicacy shop is always open when the restaurant is open. The delicacy shop sells all the products that are available in our online store throughout the year. No advance reservation is needed for individual portions of s\u00e4r\u00e4 roast, [&hellip;]<\/p>\n","protected":false},"author":1,"featured_media":0,"parent":0,"menu_order":0,"comment_status":"closed","ping_status":"closed","template":"page-templates\/full-width-page.php","meta":{"footnotes":""},"class_list":["post-1422","page","type-page","status-publish","hentry"],"yoast_head":"<!-- This site is optimized with the Yoast SEO plugin v27.4 - https:\/\/yoast.com\/product\/yoast-seo-wordpress\/ -->\n<title>Delicacy shop - S\u00e4r\u00e4pirtti - Lemin S\u00e4r\u00e4, Aito ja alkuper\u00e4inen<\/title>\n<meta name=\"robots\" content=\"index, follow, max-snippet:-1, max-image-preview:large, max-video-preview:-1\" \/>\n<link rel=\"canonical\" href=\"https:\/\/sarapirtti.fi\/en\/delicacyshop\/\" \/>\n<meta property=\"og:locale\" content=\"en_US\" \/>\n<meta property=\"og:type\" content=\"article\" \/>\n<meta property=\"og:title\" content=\"Delicacy shop - S\u00e4r\u00e4pirtti - Lemin S\u00e4r\u00e4, Aito ja alkuper\u00e4inen\" \/>\n<meta property=\"og:description\" content=\"Delicacy shop &#8211; S\u00e4r\u00e4pirtti kippurasarvi Take our delicacies with you from our shop all year round. The delicacy shop is always open when the restaurant is open. The delicacy shop sells all the products that are available in our online store throughout the year. No advance reservation is needed for individual portions of s\u00e4r\u00e4 roast, [&hellip;]\" \/>\n<meta property=\"og:url\" content=\"https:\/\/sarapirtti.fi\/en\/delicacyshop\/\" \/>\n<meta property=\"og:site_name\" content=\"S\u00e4r\u00e4pirtti - Lemin S\u00e4r\u00e4, Aito ja alkuper\u00e4inen\" \/>\n<meta property=\"article:modified_time\" content=\"2025-12-16T10:08:24+00:00\" \/>\n<meta property=\"og:image\" content=\"https:\/\/sarapirtti.fi\/wp-content\/uploads\/2025\/11\/cropped-lemin-sara-helles-1.jpg\" \/>\n\t<meta property=\"og:image:width\" content=\"634\" \/>\n\t<meta property=\"og:image:height\" content=\"681\" \/>\n\t<meta property=\"og:image:type\" content=\"image\/jpeg\" \/>\n<meta name=\"twitter:card\" content=\"summary_large_image\" \/>\n<meta name=\"twitter:label1\" content=\"Est. reading time\" \/>\n\t<meta name=\"twitter:data1\" content=\"1 minute\" \/>\n<script type=\"application\/ld+json\" class=\"yoast-schema-graph\">{\"@context\":\"https:\\\/\\\/schema.org\",\"@graph\":[{\"@type\":\"WebPage\",\"@id\":\"https:\\\/\\\/sarapirtti.fi\\\/en\\\/delicacyshop\\\/\",\"url\":\"https:\\\/\\\/sarapirtti.fi\\\/en\\\/delicacyshop\\\/\",\"name\":\"Delicacy shop - S\u00e4r\u00e4pirtti - Lemin S\u00e4r\u00e4, Aito ja alkuper\u00e4inen\",\"isPartOf\":{\"@id\":\"https:\\\/\\\/sarapirtti.fi\\\/en\\\/#website\"},\"primaryImageOfPage\":{\"@id\":\"https:\\\/\\\/sarapirtti.fi\\\/en\\\/delicacyshop\\\/#primaryimage\"},\"image\":{\"@id\":\"https:\\\/\\\/sarapirtti.fi\\\/en\\\/delicacyshop\\\/#primaryimage\"},\"thumbnailUrl\":\"https:\\\/\\\/sarapirtti.fi\\\/wp-content\\\/uploads\\\/2025\\\/11\\\/cropped-lemin-sara-helles-1.jpg\",\"datePublished\":\"2025-11-20T08:05:08+00:00\",\"dateModified\":\"2025-12-16T10:08:24+00:00\",\"breadcrumb\":{\"@id\":\"https:\\\/\\\/sarapirtti.fi\\\/en\\\/delicacyshop\\\/#breadcrumb\"},\"inLanguage\":\"en-US\",\"potentialAction\":[{\"@type\":\"ReadAction\",\"target\":[\"https:\\\/\\\/sarapirtti.fi\\\/en\\\/delicacyshop\\\/\"]}]},{\"@type\":\"ImageObject\",\"inLanguage\":\"en-US\",\"@id\":\"https:\\\/\\\/sarapirtti.fi\\\/en\\\/delicacyshop\\\/#primaryimage\",\"url\":\"https:\\\/\\\/sarapirtti.fi\\\/wp-content\\\/uploads\\\/2025\\\/11\\\/cropped-lemin-sara-helles-1.jpg\",\"contentUrl\":\"https:\\\/\\\/sarapirtti.fi\\\/wp-content\\\/uploads\\\/2025\\\/11\\\/cropped-lemin-sara-helles-1.jpg\"},{\"@type\":\"BreadcrumbList\",\"@id\":\"https:\\\/\\\/sarapirtti.fi\\\/en\\\/delicacyshop\\\/#breadcrumb\",\"itemListElement\":[{\"@type\":\"ListItem\",\"position\":1,\"name\":\"Etusivu\",\"item\":\"https:\\\/\\\/sarapirtti.fi\\\/en\\\/\"},{\"@type\":\"ListItem\",\"position\":2,\"name\":\"Delicacy shop\"}]},{\"@type\":\"WebSite\",\"@id\":\"https:\\\/\\\/sarapirtti.fi\\\/en\\\/#website\",\"url\":\"https:\\\/\\\/sarapirtti.fi\\\/en\\\/\",\"name\":\"S\u00e4r\u00e4pirtti - Lemin S\u00e4r\u00e4, Aito ja alkuper\u00e4inen\",\"description\":\"S\u00e4r\u00e4pirtti Kippurasarvi on Suomen ainoa yhden ruuan ravintola. Tarjoamme ymp\u00e4rivuotisesti Lemin s\u00e4r\u00e4\u00e4 ravintolassa, sek\u00e4 s\u00e4r\u00e4\u00e4 voi tilata my\u00f6s verkkokaupan kautta. S\u00e4r\u00e4 on 1000 v perinteen mukaisesti, koivukaukalossa kypsennetty\u00e4 lammasherkkua.\",\"publisher\":{\"@id\":\"https:\\\/\\\/sarapirtti.fi\\\/en\\\/#organization\"},\"potentialAction\":[{\"@type\":\"SearchAction\",\"target\":{\"@type\":\"EntryPoint\",\"urlTemplate\":\"https:\\\/\\\/sarapirtti.fi\\\/en\\\/?s={search_term_string}\"},\"query-input\":{\"@type\":\"PropertyValueSpecification\",\"valueRequired\":true,\"valueName\":\"search_term_string\"}}],\"inLanguage\":\"en-US\"},{\"@type\":\"Organization\",\"@id\":\"https:\\\/\\\/sarapirtti.fi\\\/en\\\/#organization\",\"name\":\"S\u00e4r\u00e4pirtti - Lemin S\u00e4r\u00e4, Aito ja alkuper\u00e4inen\",\"url\":\"https:\\\/\\\/sarapirtti.fi\\\/en\\\/\",\"logo\":{\"@type\":\"ImageObject\",\"inLanguage\":\"en-US\",\"@id\":\"https:\\\/\\\/sarapirtti.fi\\\/en\\\/#\\\/schema\\\/logo\\\/image\\\/\",\"url\":\"https:\\\/\\\/sarapirtti.fi\\\/wp-content\\\/uploads\\\/2025\\\/11\\\/cropped-cropped-cropped-cropped-cropped-cropped-cropped-sarapirtti-1.png\",\"contentUrl\":\"https:\\\/\\\/sarapirtti.fi\\\/wp-content\\\/uploads\\\/2025\\\/11\\\/cropped-cropped-cropped-cropped-cropped-cropped-cropped-sarapirtti-1.png\",\"width\":448,\"height\":278,\"caption\":\"S\u00e4r\u00e4pirtti - Lemin S\u00e4r\u00e4, Aito ja alkuper\u00e4inen\"},\"image\":{\"@id\":\"https:\\\/\\\/sarapirtti.fi\\\/en\\\/#\\\/schema\\\/logo\\\/image\\\/\"}}]}<\/script>\n<!-- \/ Yoast SEO plugin. -->","yoast_head_json":{"title":"Delicacy shop - S\u00e4r\u00e4pirtti - Lemin S\u00e4r\u00e4, Aito ja alkuper\u00e4inen","robots":{"index":"index","follow":"follow","max-snippet":"max-snippet:-1","max-image-preview":"max-image-preview:large","max-video-preview":"max-video-preview:-1"},"canonical":"https:\/\/sarapirtti.fi\/en\/delicacyshop\/","og_locale":"en_US","og_type":"article","og_title":"Delicacy shop - S\u00e4r\u00e4pirtti - Lemin S\u00e4r\u00e4, Aito ja alkuper\u00e4inen","og_description":"Delicacy shop &#8211; S\u00e4r\u00e4pirtti kippurasarvi Take our delicacies with you from our shop all year round. The delicacy shop is always open when the restaurant is open. The delicacy shop sells all the products that are available in our online store throughout the year. No advance reservation is needed for individual portions of s\u00e4r\u00e4 roast, [&hellip;]","og_url":"https:\/\/sarapirtti.fi\/en\/delicacyshop\/","og_site_name":"S\u00e4r\u00e4pirtti - Lemin S\u00e4r\u00e4, Aito ja alkuper\u00e4inen","article_modified_time":"2025-12-16T10:08:24+00:00","og_image":[{"width":634,"height":681,"url":"https:\/\/sarapirtti.fi\/wp-content\/uploads\/2025\/11\/cropped-lemin-sara-helles-1.jpg","type":"image\/jpeg"}],"twitter_card":"summary_large_image","twitter_misc":{"Est. reading time":"1 minute"},"schema":{"@context":"https:\/\/schema.org","@graph":[{"@type":"WebPage","@id":"https:\/\/sarapirtti.fi\/en\/delicacyshop\/","url":"https:\/\/sarapirtti.fi\/en\/delicacyshop\/","name":"Delicacy shop - S\u00e4r\u00e4pirtti - Lemin S\u00e4r\u00e4, Aito ja alkuper\u00e4inen","isPartOf":{"@id":"https:\/\/sarapirtti.fi\/en\/#website"},"primaryImageOfPage":{"@id":"https:\/\/sarapirtti.fi\/en\/delicacyshop\/#primaryimage"},"image":{"@id":"https:\/\/sarapirtti.fi\/en\/delicacyshop\/#primaryimage"},"thumbnailUrl":"https:\/\/sarapirtti.fi\/wp-content\/uploads\/2025\/11\/cropped-lemin-sara-helles-1.jpg","datePublished":"2025-11-20T08:05:08+00:00","dateModified":"2025-12-16T10:08:24+00:00","breadcrumb":{"@id":"https:\/\/sarapirtti.fi\/en\/delicacyshop\/#breadcrumb"},"inLanguage":"en-US","potentialAction":[{"@type":"ReadAction","target":["https:\/\/sarapirtti.fi\/en\/delicacyshop\/"]}]},{"@type":"ImageObject","inLanguage":"en-US","@id":"https:\/\/sarapirtti.fi\/en\/delicacyshop\/#primaryimage","url":"https:\/\/sarapirtti.fi\/wp-content\/uploads\/2025\/11\/cropped-lemin-sara-helles-1.jpg","contentUrl":"https:\/\/sarapirtti.fi\/wp-content\/uploads\/2025\/11\/cropped-lemin-sara-helles-1.jpg"},{"@type":"BreadcrumbList","@id":"https:\/\/sarapirtti.fi\/en\/delicacyshop\/#breadcrumb","itemListElement":[{"@type":"ListItem","position":1,"name":"Etusivu","item":"https:\/\/sarapirtti.fi\/en\/"},{"@type":"ListItem","position":2,"name":"Delicacy shop"}]},{"@type":"WebSite","@id":"https:\/\/sarapirtti.fi\/en\/#website","url":"https:\/\/sarapirtti.fi\/en\/","name":"S\u00e4r\u00e4pirtti - Lemin S\u00e4r\u00e4, Aito ja alkuper\u00e4inen","description":"S\u00e4r\u00e4pirtti Kippurasarvi on Suomen ainoa yhden ruuan ravintola. Tarjoamme ymp\u00e4rivuotisesti Lemin s\u00e4r\u00e4\u00e4 ravintolassa, sek\u00e4 s\u00e4r\u00e4\u00e4 voi tilata my\u00f6s verkkokaupan kautta. S\u00e4r\u00e4 on 1000 v perinteen mukaisesti, koivukaukalossa kypsennetty\u00e4 lammasherkkua.","publisher":{"@id":"https:\/\/sarapirtti.fi\/en\/#organization"},"potentialAction":[{"@type":"SearchAction","target":{"@type":"EntryPoint","urlTemplate":"https:\/\/sarapirtti.fi\/en\/?s={search_term_string}"},"query-input":{"@type":"PropertyValueSpecification","valueRequired":true,"valueName":"search_term_string"}}],"inLanguage":"en-US"},{"@type":"Organization","@id":"https:\/\/sarapirtti.fi\/en\/#organization","name":"S\u00e4r\u00e4pirtti - Lemin S\u00e4r\u00e4, Aito ja alkuper\u00e4inen","url":"https:\/\/sarapirtti.fi\/en\/","logo":{"@type":"ImageObject","inLanguage":"en-US","@id":"https:\/\/sarapirtti.fi\/en\/#\/schema\/logo\/image\/","url":"https:\/\/sarapirtti.fi\/wp-content\/uploads\/2025\/11\/cropped-cropped-cropped-cropped-cropped-cropped-cropped-sarapirtti-1.png","contentUrl":"https:\/\/sarapirtti.fi\/wp-content\/uploads\/2025\/11\/cropped-cropped-cropped-cropped-cropped-cropped-cropped-sarapirtti-1.png","width":448,"height":278,"caption":"S\u00e4r\u00e4pirtti - Lemin S\u00e4r\u00e4, Aito ja alkuper\u00e4inen"},"image":{"@id":"https:\/\/sarapirtti.fi\/en\/#\/schema\/logo\/image\/"}}]}},"_links":{"self":[{"href":"https:\/\/sarapirtti.fi\/en\/wp-json\/wp\/v2\/pages\/1422","targetHints":{"allow":["GET"]}}],"collection":[{"href":"https:\/\/sarapirtti.fi\/en\/wp-json\/wp\/v2\/pages"}],"about":[{"href":"https:\/\/sarapirtti.fi\/en\/wp-json\/wp\/v2\/types\/page"}],"author":[{"embeddable":true,"href":"https:\/\/sarapirtti.fi\/en\/wp-json\/wp\/v2\/users\/1"}],"replies":[{"embeddable":true,"href":"https:\/\/sarapirtti.fi\/en\/wp-json\/wp\/v2\/comments?post=1422"}],"version-history":[{"count":3,"href":"https:\/\/sarapirtti.fi\/en\/wp-json\/wp\/v2\/pages\/1422\/revisions"}],"predecessor-version":[{"id":1437,"href":"https:\/\/sarapirtti.fi\/en\/wp-json\/wp\/v2\/pages\/1422\/revisions\/1437"}],"wp:attachment":[{"href":"https:\/\/sarapirtti.fi\/en\/wp-json\/wp\/v2\/media?parent=1422"}],"curies":[{"name":"wp","href":"https:\/\/api.w.org\/{rel}","templated":true}]}}