{"id":1411,"date":"2025-11-20T10:22:21","date_gmt":"2025-11-20T08:22:21","guid":{"rendered":"https:\/\/sarapirtti.vmh-productions.fi\/groups-and-events\/"},"modified":"2025-12-12T09:03:54","modified_gmt":"2025-12-12T07:03:54","slug":"groups-and-events","status":"publish","type":"page","link":"https:\/\/sarapirtti.fi\/en\/groups-and-events\/","title":{"rendered":"Groups and Events"},"content":{"rendered":"<div data-colibri-id=\"1411-c1\" class=\"style-852 style-local-1411-c1 position-relative\">\n  <!---->\n  <div data-colibri-component=\"section\" data-colibri-id=\"1411-c6\" id=\"reusable-sections\" class=\"h-section h-section-global-spacing d-flex align-items-lg-center align-items-md-center align-items-center style-857 style-local-1411-c6 position-relative\">\n    <!---->\n    <!---->\n    <div class=\"h-section-grid-container h-section-boxed-container\">\n      <!---->\n      <div data-colibri-id=\"1411-c7\" class=\"h-row-container gutters-row-lg-2 gutters-row-md-2 gutters-row-2 gutters-row-v-lg-2 gutters-row-v-md-2 gutters-row-v-2 style-858 style-local-1411-c7 position-relative\">\n        <!---->\n        <div class=\"h-row justify-content-lg-center justify-content-md-center justify-content-center align-items-lg-stretch align-items-md-stretch align-items-stretch gutters-col-lg-2 gutters-col-md-2 gutters-col-2 gutters-col-v-lg-2 gutters-col-v-md-2 gutters-col-v-2\">\n          <!---->\n          <div class=\"h-column h-column-container d-flex h-col-lg-auto h-col-md-auto h-col-auto style-859-outer style-local-1411-c8-outer\">\n            <div data-colibri-id=\"1411-c8\" class=\"d-flex h-flex-basis h-column__inner h-px-lg-2 h-px-md-2 h-px-2 v-inner-lg-2 v-inner-md-2 v-inner-2 style-859 style-local-1411-c8 position-relative\">\n              <!---->\n              <!---->\n              <div class=\"w-100 h-y-container h-column__content h-column__v-align flex-basis-100 align-self-lg-center align-self-md-center align-self-center\">\n                <!---->\n                <div data-colibri-id=\"1411-c9\" class=\"d-block style-860 style-local-1411-c9 position-relative h-element\">\n                  <!---->\n                  <div class=\"h-image__frame-container-outer\">\n                    <div class=\"h-image__frame-container\">\n                      <!---->\n                      <!---->\n                      <img loading=\"lazy\" decoding=\"async\" width=\"721\" height=\"843\" src=\"https:\/\/sarapirtti.fi\/wp-content\/uploads\/2025\/11\/cropped-Sarapirtti_ravintola-Lemi-7.jpg\" class=\"wp-image-965 style-860-image style-local-1411-c9-image\" alt=\"\" srcset=\"https:\/\/sarapirtti.fi\/wp-content\/uploads\/2025\/11\/cropped-Sarapirtti_ravintola-Lemi-7.jpg 721w, https:\/\/sarapirtti.fi\/wp-content\/uploads\/2025\/11\/cropped-Sarapirtti_ravintola-Lemi-7-257x300.jpg 257w\" sizes=\"auto, (max-width: 721px) 100vw, 721px\" \/>\n                      <div class=\"h-image__frame h-hide-lg h-hide-md h-hide-sm style-860-frameImage style-local-1411-c9-frameImage\"><\/div>\n                    <\/div>\n                  <\/div>\n                <\/div>\n              <\/div>\n            <\/div>\n          <\/div>\n          <div class=\"h-column h-column-container d-flex h-col-lg-auto h-col-md-auto h-col-auto style-861-outer style-local-1411-c10-outer\">\n            <div data-colibri-id=\"1411-c10\" class=\"d-flex h-flex-basis h-column__inner h-px-lg-2 h-px-md-2 h-px-2 v-inner-lg-2 v-inner-md-2 v-inner-2 style-861 style-local-1411-c10 position-relative\">\n              <!---->\n              <!---->\n              <div class=\"w-100 h-y-container h-column__content h-column__v-align flex-basis-100 align-self-lg-center align-self-md-center align-self-center\">\n                <!---->\n                <div data-colibri-id=\"1411-c11\" class=\"h-global-transition-all h-heading style-862 style-local-1411-c11 position-relative h-element\">\n                  <!---->\n                  <div class=\"h-heading__outer style-862 style-local-1411-c11\">\n                    <!---->\n                    <!---->\n                    <h6 class=\"\">Groups and events &#8211; S\u00e4r\u00e4pirtti kippurasarvi<\/h6>\n                  <\/div>\n                <\/div>\n                <div data-colibri-id=\"1411-c12\" class=\"h-global-transition-all h-heading style-863 style-local-1411-c12 position-relative h-element\">\n                  <!---->\n                  <div class=\"h-heading__outer style-863 style-local-1411-c12\">\n                    <!---->\n                    <!---->\n                    <h2 class=\"\">Come alone, with a friend, or as a group!<\/h2>\n                  <\/div>\n                <\/div>\n                <div data-colibri-id=\"1411-c13\" class=\"h-text h-text-component style-864 style-local-1411-c13 position-relative h-element\">\n                  <!---->\n                  <!---->\n                  <div class=\"\">\n                    <p>Diners are always seated at the same table.\n                      <br>The unique dining traditions complement the shortest menu in Finland.<\/p>\n                    <p>Choose us for anniversaries and weddings, or for an exceptional memorial service.<\/p>\n                    <p>Our well-lit premises also offer a quiet setting for conferences.<\/p>\n                    <p>The premises can accommodate groups of all sizes, with a maximum of around 160 persons.<\/p>\n                  <\/div>\n                <\/div>\n                <div data-colibri-id=\"1411-c14\" class=\"h-x-container style-865 style-local-1411-c14 position-relative h-element\">\n                  <!---->\n                  <div class=\"h-x-container-inner style-dynamic-1411-c14-group style-865-spacing style-local-1411-c14-spacing\"><span class=\"h-button__outer style-866-outer style-local-1411-c15-outer d-inline-flex h-element\"><a h-use-smooth-scroll=\"true\" href=\"mailto:info@sarapirtti.fi\"  data-colibri-id=\"1411-c15\" class=\"d-flex w-100 align-items-center h-button justify-content-lg-center justify-content-md-center justify-content-center style-866 style-local-1411-c15 position-relative\"><!----><!----> <span>Book an event for your group<\/span><\/a>\n                    <\/span><span class=\"h-button__outer style-867-outer style-local-1411-c16-outer d-inline-flex h-element\"><a h-use-smooth-scroll=\"true\" href=\"https:\/\/sarapirtti.fi\/en\/catering\/\"  data-colibri-id=\"1411-c16\" class=\"d-flex w-100 align-items-center h-button justify-content-lg-center justify-content-md-center justify-content-center style-867 style-local-1411-c16 position-relative\"><!----><!----> <span>Explore our Catering Service<\/span><\/a>\n                    <\/span>\n                  <\/div>\n                <\/div>\n              <\/div>\n            <\/div>\n          <\/div>\n        <\/div>\n      <\/div>\n    <\/div>\n  <\/div>\n<\/div>","protected":false},"excerpt":{"rendered":"<p>Groups and events &#8211; S\u00e4r\u00e4pirtti kippurasarvi Come alone, with a friend, or as a group! Diners are always seated at the same table. The unique dining traditions complement the shortest menu in Finland. Choose us for anniversaries and weddings, or for an exceptional memorial service. Our well-lit premises also offer a quiet setting for conferences. [&hellip;]<\/p>\n","protected":false},"author":1,"featured_media":0,"parent":0,"menu_order":0,"comment_status":"closed","ping_status":"closed","template":"page-templates\/full-width-page.php","meta":{"footnotes":""},"class_list":["post-1411","page","type-page","status-publish","hentry"],"yoast_head":"<!-- This site is optimized with the Yoast SEO plugin v27.4 - https:\/\/yoast.com\/product\/yoast-seo-wordpress\/ -->\n<title>Groups and Events - S\u00e4r\u00e4pirtti - Lemin S\u00e4r\u00e4, Aito ja alkuper\u00e4inen<\/title>\n<meta name=\"robots\" content=\"index, follow, max-snippet:-1, max-image-preview:large, max-video-preview:-1\" \/>\n<link rel=\"canonical\" href=\"https:\/\/sarapirtti.fi\/en\/groups-and-events\/\" \/>\n<meta property=\"og:locale\" content=\"en_US\" \/>\n<meta property=\"og:type\" content=\"article\" \/>\n<meta property=\"og:title\" content=\"Groups and Events - S\u00e4r\u00e4pirtti - Lemin S\u00e4r\u00e4, Aito ja alkuper\u00e4inen\" \/>\n<meta property=\"og:description\" content=\"Groups and events &#8211; S\u00e4r\u00e4pirtti kippurasarvi Come alone, with a friend, or as a group! Diners are always seated at the same table. The unique dining traditions complement the shortest menu in Finland. Choose us for anniversaries and weddings, or for an exceptional memorial service. Our well-lit premises also offer a quiet setting for conferences. [&hellip;]\" \/>\n<meta property=\"og:url\" content=\"https:\/\/sarapirtti.fi\/en\/groups-and-events\/\" \/>\n<meta property=\"og:site_name\" content=\"S\u00e4r\u00e4pirtti - Lemin S\u00e4r\u00e4, Aito ja alkuper\u00e4inen\" \/>\n<meta property=\"article:modified_time\" content=\"2025-12-12T07:03:54+00:00\" \/>\n<meta property=\"og:image\" content=\"https:\/\/sarapirtti.fi\/wp-content\/uploads\/2025\/11\/cropped-Sarapirtti_ravintola-Lemi-7.jpg\" \/>\n\t<meta property=\"og:image:width\" content=\"721\" \/>\n\t<meta property=\"og:image:height\" content=\"843\" \/>\n\t<meta property=\"og:image:type\" content=\"image\/jpeg\" \/>\n<meta name=\"twitter:card\" content=\"summary_large_image\" \/>\n<script type=\"application\/ld+json\" class=\"yoast-schema-graph\">{\"@context\":\"https:\\\/\\\/schema.org\",\"@graph\":[{\"@type\":\"WebPage\",\"@id\":\"https:\\\/\\\/sarapirtti.fi\\\/en\\\/groups-and-events\\\/\",\"url\":\"https:\\\/\\\/sarapirtti.fi\\\/en\\\/groups-and-events\\\/\",\"name\":\"Groups and Events - S\u00e4r\u00e4pirtti - Lemin S\u00e4r\u00e4, Aito ja alkuper\u00e4inen\",\"isPartOf\":{\"@id\":\"https:\\\/\\\/sarapirtti.fi\\\/en\\\/#website\"},\"primaryImageOfPage\":{\"@id\":\"https:\\\/\\\/sarapirtti.fi\\\/en\\\/groups-and-events\\\/#primaryimage\"},\"image\":{\"@id\":\"https:\\\/\\\/sarapirtti.fi\\\/en\\\/groups-and-events\\\/#primaryimage\"},\"thumbnailUrl\":\"https:\\\/\\\/sarapirtti.fi\\\/wp-content\\\/uploads\\\/2025\\\/11\\\/cropped-Sarapirtti_ravintola-Lemi-7.jpg\",\"datePublished\":\"2025-11-20T08:22:21+00:00\",\"dateModified\":\"2025-12-12T07:03:54+00:00\",\"breadcrumb\":{\"@id\":\"https:\\\/\\\/sarapirtti.fi\\\/en\\\/groups-and-events\\\/#breadcrumb\"},\"inLanguage\":\"en-US\",\"potentialAction\":[{\"@type\":\"ReadAction\",\"target\":[\"https:\\\/\\\/sarapirtti.fi\\\/en\\\/groups-and-events\\\/\"]}]},{\"@type\":\"ImageObject\",\"inLanguage\":\"en-US\",\"@id\":\"https:\\\/\\\/sarapirtti.fi\\\/en\\\/groups-and-events\\\/#primaryimage\",\"url\":\"https:\\\/\\\/sarapirtti.fi\\\/wp-content\\\/uploads\\\/2025\\\/11\\\/cropped-Sarapirtti_ravintola-Lemi-7.jpg\",\"contentUrl\":\"https:\\\/\\\/sarapirtti.fi\\\/wp-content\\\/uploads\\\/2025\\\/11\\\/cropped-Sarapirtti_ravintola-Lemi-7.jpg\"},{\"@type\":\"BreadcrumbList\",\"@id\":\"https:\\\/\\\/sarapirtti.fi\\\/en\\\/groups-and-events\\\/#breadcrumb\",\"itemListElement\":[{\"@type\":\"ListItem\",\"position\":1,\"name\":\"Etusivu\",\"item\":\"https:\\\/\\\/sarapirtti.fi\\\/en\\\/\"},{\"@type\":\"ListItem\",\"position\":2,\"name\":\"Groups and Events\"}]},{\"@type\":\"WebSite\",\"@id\":\"https:\\\/\\\/sarapirtti.fi\\\/en\\\/#website\",\"url\":\"https:\\\/\\\/sarapirtti.fi\\\/en\\\/\",\"name\":\"S\u00e4r\u00e4pirtti - Lemin S\u00e4r\u00e4, Aito ja alkuper\u00e4inen\",\"description\":\"S\u00e4r\u00e4pirtti Kippurasarvi on Suomen ainoa yhden ruuan ravintola. Tarjoamme ymp\u00e4rivuotisesti Lemin s\u00e4r\u00e4\u00e4 ravintolassa, sek\u00e4 s\u00e4r\u00e4\u00e4 voi tilata my\u00f6s verkkokaupan kautta. S\u00e4r\u00e4 on 1000 v perinteen mukaisesti, koivukaukalossa kypsennetty\u00e4 lammasherkkua.\",\"publisher\":{\"@id\":\"https:\\\/\\\/sarapirtti.fi\\\/en\\\/#organization\"},\"potentialAction\":[{\"@type\":\"SearchAction\",\"target\":{\"@type\":\"EntryPoint\",\"urlTemplate\":\"https:\\\/\\\/sarapirtti.fi\\\/en\\\/?s={search_term_string}\"},\"query-input\":{\"@type\":\"PropertyValueSpecification\",\"valueRequired\":true,\"valueName\":\"search_term_string\"}}],\"inLanguage\":\"en-US\"},{\"@type\":\"Organization\",\"@id\":\"https:\\\/\\\/sarapirtti.fi\\\/en\\\/#organization\",\"name\":\"S\u00e4r\u00e4pirtti - Lemin S\u00e4r\u00e4, Aito ja alkuper\u00e4inen\",\"url\":\"https:\\\/\\\/sarapirtti.fi\\\/en\\\/\",\"logo\":{\"@type\":\"ImageObject\",\"inLanguage\":\"en-US\",\"@id\":\"https:\\\/\\\/sarapirtti.fi\\\/en\\\/#\\\/schema\\\/logo\\\/image\\\/\",\"url\":\"https:\\\/\\\/sarapirtti.fi\\\/wp-content\\\/uploads\\\/2025\\\/11\\\/cropped-cropped-cropped-cropped-cropped-cropped-cropped-sarapirtti-1.png\",\"contentUrl\":\"https:\\\/\\\/sarapirtti.fi\\\/wp-content\\\/uploads\\\/2025\\\/11\\\/cropped-cropped-cropped-cropped-cropped-cropped-cropped-sarapirtti-1.png\",\"width\":448,\"height\":278,\"caption\":\"S\u00e4r\u00e4pirtti - Lemin S\u00e4r\u00e4, Aito ja alkuper\u00e4inen\"},\"image\":{\"@id\":\"https:\\\/\\\/sarapirtti.fi\\\/en\\\/#\\\/schema\\\/logo\\\/image\\\/\"}}]}<\/script>\n<!-- \/ Yoast SEO plugin. -->","yoast_head_json":{"title":"Groups and Events - S\u00e4r\u00e4pirtti - Lemin S\u00e4r\u00e4, Aito ja alkuper\u00e4inen","robots":{"index":"index","follow":"follow","max-snippet":"max-snippet:-1","max-image-preview":"max-image-preview:large","max-video-preview":"max-video-preview:-1"},"canonical":"https:\/\/sarapirtti.fi\/en\/groups-and-events\/","og_locale":"en_US","og_type":"article","og_title":"Groups and Events - S\u00e4r\u00e4pirtti - Lemin S\u00e4r\u00e4, Aito ja alkuper\u00e4inen","og_description":"Groups and events &#8211; S\u00e4r\u00e4pirtti kippurasarvi Come alone, with a friend, or as a group! Diners are always seated at the same table. The unique dining traditions complement the shortest menu in Finland. Choose us for anniversaries and weddings, or for an exceptional memorial service. Our well-lit premises also offer a quiet setting for conferences. [&hellip;]","og_url":"https:\/\/sarapirtti.fi\/en\/groups-and-events\/","og_site_name":"S\u00e4r\u00e4pirtti - Lemin S\u00e4r\u00e4, Aito ja alkuper\u00e4inen","article_modified_time":"2025-12-12T07:03:54+00:00","og_image":[{"width":721,"height":843,"url":"https:\/\/sarapirtti.fi\/wp-content\/uploads\/2025\/11\/cropped-Sarapirtti_ravintola-Lemi-7.jpg","type":"image\/jpeg"}],"twitter_card":"summary_large_image","schema":{"@context":"https:\/\/schema.org","@graph":[{"@type":"WebPage","@id":"https:\/\/sarapirtti.fi\/en\/groups-and-events\/","url":"https:\/\/sarapirtti.fi\/en\/groups-and-events\/","name":"Groups and Events - S\u00e4r\u00e4pirtti - Lemin S\u00e4r\u00e4, Aito ja alkuper\u00e4inen","isPartOf":{"@id":"https:\/\/sarapirtti.fi\/en\/#website"},"primaryImageOfPage":{"@id":"https:\/\/sarapirtti.fi\/en\/groups-and-events\/#primaryimage"},"image":{"@id":"https:\/\/sarapirtti.fi\/en\/groups-and-events\/#primaryimage"},"thumbnailUrl":"https:\/\/sarapirtti.fi\/wp-content\/uploads\/2025\/11\/cropped-Sarapirtti_ravintola-Lemi-7.jpg","datePublished":"2025-11-20T08:22:21+00:00","dateModified":"2025-12-12T07:03:54+00:00","breadcrumb":{"@id":"https:\/\/sarapirtti.fi\/en\/groups-and-events\/#breadcrumb"},"inLanguage":"en-US","potentialAction":[{"@type":"ReadAction","target":["https:\/\/sarapirtti.fi\/en\/groups-and-events\/"]}]},{"@type":"ImageObject","inLanguage":"en-US","@id":"https:\/\/sarapirtti.fi\/en\/groups-and-events\/#primaryimage","url":"https:\/\/sarapirtti.fi\/wp-content\/uploads\/2025\/11\/cropped-Sarapirtti_ravintola-Lemi-7.jpg","contentUrl":"https:\/\/sarapirtti.fi\/wp-content\/uploads\/2025\/11\/cropped-Sarapirtti_ravintola-Lemi-7.jpg"},{"@type":"BreadcrumbList","@id":"https:\/\/sarapirtti.fi\/en\/groups-and-events\/#breadcrumb","itemListElement":[{"@type":"ListItem","position":1,"name":"Etusivu","item":"https:\/\/sarapirtti.fi\/en\/"},{"@type":"ListItem","position":2,"name":"Groups and Events"}]},{"@type":"WebSite","@id":"https:\/\/sarapirtti.fi\/en\/#website","url":"https:\/\/sarapirtti.fi\/en\/","name":"S\u00e4r\u00e4pirtti - Lemin S\u00e4r\u00e4, Aito ja alkuper\u00e4inen","description":"S\u00e4r\u00e4pirtti Kippurasarvi on Suomen ainoa yhden ruuan ravintola. Tarjoamme ymp\u00e4rivuotisesti Lemin s\u00e4r\u00e4\u00e4 ravintolassa, sek\u00e4 s\u00e4r\u00e4\u00e4 voi tilata my\u00f6s verkkokaupan kautta. S\u00e4r\u00e4 on 1000 v perinteen mukaisesti, koivukaukalossa kypsennetty\u00e4 lammasherkkua.","publisher":{"@id":"https:\/\/sarapirtti.fi\/en\/#organization"},"potentialAction":[{"@type":"SearchAction","target":{"@type":"EntryPoint","urlTemplate":"https:\/\/sarapirtti.fi\/en\/?s={search_term_string}"},"query-input":{"@type":"PropertyValueSpecification","valueRequired":true,"valueName":"search_term_string"}}],"inLanguage":"en-US"},{"@type":"Organization","@id":"https:\/\/sarapirtti.fi\/en\/#organization","name":"S\u00e4r\u00e4pirtti - Lemin S\u00e4r\u00e4, Aito ja alkuper\u00e4inen","url":"https:\/\/sarapirtti.fi\/en\/","logo":{"@type":"ImageObject","inLanguage":"en-US","@id":"https:\/\/sarapirtti.fi\/en\/#\/schema\/logo\/image\/","url":"https:\/\/sarapirtti.fi\/wp-content\/uploads\/2025\/11\/cropped-cropped-cropped-cropped-cropped-cropped-cropped-sarapirtti-1.png","contentUrl":"https:\/\/sarapirtti.fi\/wp-content\/uploads\/2025\/11\/cropped-cropped-cropped-cropped-cropped-cropped-cropped-sarapirtti-1.png","width":448,"height":278,"caption":"S\u00e4r\u00e4pirtti - Lemin S\u00e4r\u00e4, Aito ja alkuper\u00e4inen"},"image":{"@id":"https:\/\/sarapirtti.fi\/en\/#\/schema\/logo\/image\/"}}]}},"_links":{"self":[{"href":"https:\/\/sarapirtti.fi\/en\/wp-json\/wp\/v2\/pages\/1411","targetHints":{"allow":["GET"]}}],"collection":[{"href":"https:\/\/sarapirtti.fi\/en\/wp-json\/wp\/v2\/pages"}],"about":[{"href":"https:\/\/sarapirtti.fi\/en\/wp-json\/wp\/v2\/types\/page"}],"author":[{"embeddable":true,"href":"https:\/\/sarapirtti.fi\/en\/wp-json\/wp\/v2\/users\/1"}],"replies":[{"embeddable":true,"href":"https:\/\/sarapirtti.fi\/en\/wp-json\/wp\/v2\/comments?post=1411"}],"version-history":[{"count":1,"href":"https:\/\/sarapirtti.fi\/en\/wp-json\/wp\/v2\/pages\/1411\/revisions"}],"predecessor-version":[{"id":1415,"href":"https:\/\/sarapirtti.fi\/en\/wp-json\/wp\/v2\/pages\/1411\/revisions\/1415"}],"wp:attachment":[{"href":"https:\/\/sarapirtti.fi\/en\/wp-json\/wp\/v2\/media?parent=1411"}],"curies":[{"name":"wp","href":"https:\/\/api.w.org\/{rel}","templated":true}]}}