{"id":1401,"date":"2025-11-20T10:41:26","date_gmt":"2025-11-20T08:41:26","guid":{"rendered":"https:\/\/sarapirtti.vmh-productions.fi\/catering\/"},"modified":"2025-12-12T08:56:59","modified_gmt":"2025-12-12T06:56:59","slug":"catering","status":"publish","type":"page","link":"https:\/\/sarapirtti.fi\/en\/catering\/","title":{"rendered":"Catering"},"content":{"rendered":"<div data-colibri-id=\"1401-c1\" class=\"style-837 style-local-1401-c1 position-relative\">\n  <!---->\n  <div data-colibri-component=\"section\" data-colibri-id=\"1401-c6\" id=\"reusable-sections\" class=\"h-section h-section-global-spacing d-flex align-items-lg-center align-items-md-center align-items-center style-842 style-local-1401-c6 position-relative\">\n    <!---->\n    <!---->\n    <div class=\"h-section-grid-container h-section-boxed-container\">\n      <!---->\n      <div data-colibri-id=\"1401-c7\" class=\"h-row-container gutters-row-lg-2 gutters-row-md-2 gutters-row-2 gutters-row-v-lg-2 gutters-row-v-md-2 gutters-row-v-2 style-843 style-local-1401-c7 position-relative\">\n        <!---->\n        <div class=\"h-row justify-content-lg-center justify-content-md-center justify-content-center align-items-lg-stretch align-items-md-stretch align-items-stretch gutters-col-lg-2 gutters-col-md-2 gutters-col-2 gutters-col-v-lg-2 gutters-col-v-md-2 gutters-col-v-2\">\n          <!---->\n          <div class=\"h-column h-column-container d-flex h-col-lg-auto h-col-md-auto h-col-auto style-844-outer style-local-1401-c8-outer\">\n            <div data-colibri-id=\"1401-c8\" class=\"d-flex h-flex-basis h-column__inner h-px-lg-2 h-px-md-2 h-px-2 v-inner-lg-2 v-inner-md-2 v-inner-2 style-844 style-local-1401-c8 position-relative\">\n              <!---->\n              <!---->\n              <div class=\"w-100 h-y-container h-column__content h-column__v-align flex-basis-100 align-self-lg-center align-self-md-center align-self-center\">\n                <!---->\n                <div data-colibri-id=\"1401-c9\" class=\"d-block style-845 style-local-1401-c9 position-relative h-element\">\n                  <!---->\n                  <div class=\"h-image__frame-container-outer\">\n                    <div class=\"h-image__frame-container\">\n                      <!---->\n                      <!---->\n                      <img loading=\"lazy\" decoding=\"async\" width=\"1200\" height=\"844\" src=\"https:\/\/sarapirtti.fi\/wp-content\/uploads\/2025\/11\/Sarapirtti_ravintola-Lemi.jpg\" class=\"wp-image-648 style-845-image style-local-1401-c9-image\" alt=\"\" srcset=\"https:\/\/sarapirtti.fi\/wp-content\/uploads\/2025\/11\/Sarapirtti_ravintola-Lemi.jpg 1200w, https:\/\/sarapirtti.fi\/wp-content\/uploads\/2025\/11\/Sarapirtti_ravintola-Lemi-300x211.jpg 300w, https:\/\/sarapirtti.fi\/wp-content\/uploads\/2025\/11\/Sarapirtti_ravintola-Lemi-1024x720.jpg 1024w, https:\/\/sarapirtti.fi\/wp-content\/uploads\/2025\/11\/Sarapirtti_ravintola-Lemi-768x540.jpg 768w\" sizes=\"auto, (max-width: 1200px) 100vw, 1200px\" \/>\n                      <div class=\"h-image__frame h-hide-lg h-hide-md h-hide-sm style-845-frameImage style-local-1401-c9-frameImage\"><\/div>\n                    <\/div>\n                  <\/div>\n                <\/div>\n              <\/div>\n            <\/div>\n          <\/div>\n          <div class=\"h-column h-column-container d-flex h-col-lg-auto h-col-md-auto h-col-auto style-846-outer style-local-1401-c10-outer\">\n            <div data-colibri-id=\"1401-c10\" class=\"d-flex h-flex-basis h-column__inner h-px-lg-2 h-px-md-2 h-px-2 v-inner-lg-2 v-inner-md-2 v-inner-2 style-846 style-local-1401-c10 position-relative\">\n              <!---->\n              <!---->\n              <div class=\"w-100 h-y-container h-column__content h-column__v-align flex-basis-100 align-self-lg-center align-self-md-center align-self-center\">\n                <!---->\n                <div data-colibri-id=\"1401-c11\" class=\"h-global-transition-all h-heading style-847 style-local-1401-c11 position-relative h-element\">\n                  <!---->\n                  <div class=\"h-heading__outer style-847 style-local-1401-c11\">\n                    <!---->\n                    <!---->\n                    <h6 class=\"\">Catering &#8211; S\u00e4r\u00e4pirtti kippurasarvi<\/h6>\n                  <\/div>\n                <\/div>\n                <div data-colibri-id=\"1401-c12\" class=\"h-global-transition-all h-heading style-848 style-local-1401-c12 position-relative h-element\">\n                  <!---->\n                  <div class=\"h-heading__outer style-848 style-local-1401-c12\">\n                    <!---->\n                    <!---->\n                    <h2 class=\"\">simply delicious!<\/h2>\n                  <\/div>\n                <\/div>\n                <div data-colibri-id=\"1401-c13\" class=\"h-text h-text-component style-849 style-local-1401-c13 position-relative h-element\">\n                  <!---->\n                  <!---->\n                  <div class=\"\">\n                    <p>S\u00e4r\u00e4 is sublime when eaten either at the restaurant or served at your event.\n                      <br>This traditional Finnish delicacy and our skilled catering service make a winning combination.<\/p>\n                    <p>S\u00e4r\u00e4 soup is an excellent choice for family gatherings and various kinds of celebrations.\n                      <br>S\u00e4r\u00e4 can be served in a traditional wooden trough or in a ceramic pot.\n                      <br>Cranberry cheesecake puts the perfect finishing touch to your event.<\/p>\n                  <\/div>\n                <\/div>\n                <div data-colibri-id=\"1401-c14\" class=\"h-x-container style-850 style-local-1401-c14 position-relative h-element\">\n                  <!---->\n                  <div class=\"h-x-container-inner style-dynamic-1401-c14-group style-850-spacing style-local-1401-c14-spacing\"><span class=\"h-button__outer style-851-outer style-local-1401-c15-outer d-inline-flex h-element\"><a h-use-smooth-scroll=\"true\" href=\"mailto:info@sarapirtti.fi\"  data-colibri-id=\"1401-c15\" class=\"d-flex w-100 align-items-center h-button justify-content-lg-center justify-content-md-center justify-content-center style-851 style-local-1401-c15 position-relative\"><!----><!----> <span>Order or inquire<\/span><\/a>\n                    <\/span>\n                  <\/div>\n                <\/div>\n              <\/div>\n            <\/div>\n          <\/div>\n        <\/div>\n      <\/div>\n      <div data-colibri-id=\"1401-c16\" class=\"h-row-container gutters-row-lg-2 gutters-row-md-2 gutters-row-2 gutters-row-v-lg-2 gutters-row-v-md-2 gutters-row-v-2 style-843 style-local-1401-c16 position-relative\">\n        <!---->\n        <div class=\"h-row justify-content-lg-center justify-content-md-center justify-content-center align-items-lg-stretch align-items-md-stretch align-items-stretch gutters-col-lg-2 gutters-col-md-2 gutters-col-2 gutters-col-v-lg-2 gutters-col-v-md-2 gutters-col-v-2\">\n          <!---->\n          <div class=\"h-column h-column-container d-flex h-col-lg-auto h-col-md-auto h-col-auto style-846-outer style-local-1401-c17-outer\">\n            <div data-colibri-id=\"1401-c17\" class=\"d-flex h-flex-basis h-column__inner h-px-lg-2 h-px-md-2 h-px-2 v-inner-lg-2 v-inner-md-2 v-inner-2 style-846 style-local-1401-c17 position-relative\">\n              <!---->\n              <!---->\n              <div class=\"w-100 h-y-container h-column__content h-column__v-align flex-basis-100 align-self-lg-center align-self-md-center align-self-center\">\n                <!---->\n                <div data-colibri-id=\"1401-c18\" class=\"h-global-transition-all h-heading style-848 style-local-1401-c18 position-relative h-element\">\n                  <!---->\n                  <div class=\"h-heading__outer style-848 style-local-1401-c18\">\n                    <!---->\n                    <!---->\n                    <h2 class=\"\">Catering prices<\/h2>\n                  <\/div>\n                <\/div>\n                <div data-colibri-id=\"1401-c19\" class=\"h-text h-text-component style-849 style-local-1401-c19 position-relative h-element\">\n                  <!---->\n                  <!---->\n                  <div class=\"\">\n                    <p><strong style=\"font-weight: 700;\">S\u00e4r\u00e4 soup 11\u20ac (min. 20 persons)<br>S\u00e4r\u00e4 in a trough 33\u20ac (min. 10 persons)<br>Traditional s\u00e4r\u00e4 meal 35\u20ac (min. 10 persons)<br>Celebration package 40\u20ac (min. 10 persons)<\/strong><\/p>\n                    <p><strong style=\"font-weight: 700;\">Staff 40\u20ac \/ hour Mon-Sat, 80\u20ac \/ hour Sun<br>Tableware and glasses 3,50\u20ac \/ person<\/strong><\/p>\n                    <p>Transportation and other services by agreement<\/p>\n                    <p>For more information, please contact:\n                      <br>\n                      <a href=\"mailto:info@sarapirtti.fi\" style=\"color: rgb(0, 0, 0);\">info@sarapirtti.fi<\/a>, +358 5 4146 470<\/p>\n                  <\/div>\n                <\/div>\n                <div data-colibri-id=\"1401-c20\" class=\"h-x-container style-850 style-local-1401-c20 position-relative h-element\">\n                  <!---->\n                  <div class=\"h-x-container-inner style-dynamic-1401-c20-group style-850-spacing style-local-1401-c20-spacing\"><span class=\"h-button__outer style-851-outer style-local-1401-c21-outer d-inline-flex h-element\"><a h-use-smooth-scroll=\"true\" href=\"mailto:info@sarapirtti.fi\"  data-colibri-id=\"1401-c21\" class=\"d-flex w-100 align-items-center h-button justify-content-lg-center justify-content-md-center justify-content-center style-851 style-local-1401-c21 position-relative\"><!----><!----> <span>Order or inquire<\/span><\/a>\n                    <\/span>\n                  <\/div>\n                <\/div>\n              <\/div>\n            <\/div>\n          <\/div>\n          <div class=\"h-column h-column-container d-flex h-col-lg-auto h-col-md-auto h-col-auto style-844-outer style-local-1401-c22-outer\">\n            <div data-colibri-id=\"1401-c22\" class=\"d-flex h-flex-basis h-column__inner h-px-lg-2 h-px-md-2 h-px-2 v-inner-lg-2 v-inner-md-2 v-inner-2 style-844 style-local-1401-c22 position-relative\">\n              <!---->\n              <!---->\n              <div class=\"w-100 h-y-container h-column__content h-column__v-align flex-basis-100 align-self-lg-center align-self-md-center align-self-center\">\n                <!---->\n                <div data-colibri-id=\"1401-c23\" class=\"d-block style-845 style-local-1401-c23 position-relative h-element\">\n                  <!---->\n                  <div class=\"h-image__frame-container-outer\">\n                    <div class=\"h-image__frame-container\">\n                      <!---->\n                      <!---->\n                      <img loading=\"lazy\" decoding=\"async\" width=\"1225\" height=\"817\" src=\"https:\/\/sarapirtti.fi\/wp-content\/uploads\/2025\/11\/Catering-Sara.jpg\" class=\"wp-image-994 style-845-image style-local-1401-c23-image\" alt=\"\" srcset=\"https:\/\/sarapirtti.fi\/wp-content\/uploads\/2025\/11\/Catering-Sara.jpg 1225w, https:\/\/sarapirtti.fi\/wp-content\/uploads\/2025\/11\/Catering-Sara-300x200.jpg 300w, https:\/\/sarapirtti.fi\/wp-content\/uploads\/2025\/11\/Catering-Sara-1024x683.jpg 1024w, https:\/\/sarapirtti.fi\/wp-content\/uploads\/2025\/11\/Catering-Sara-768x512.jpg 768w\" sizes=\"auto, (max-width: 1225px) 100vw, 1225px\" \/>\n                      <div class=\"h-image__frame h-hide-lg h-hide-md h-hide-sm style-845-frameImage style-local-1401-c23-frameImage\"><\/div>\n                    <\/div>\n                  <\/div>\n                <\/div>\n              <\/div>\n            <\/div>\n          <\/div>\n        <\/div>\n      <\/div>\n    <\/div>\n  <\/div>\n<\/div>","protected":false},"excerpt":{"rendered":"<p>Catering &#8211; S\u00e4r\u00e4pirtti kippurasarvi simply delicious! S\u00e4r\u00e4 is sublime when eaten either at the restaurant or served at your event. This traditional Finnish delicacy and our skilled catering service make a winning combination. S\u00e4r\u00e4 soup is an excellent choice for family gatherings and various kinds of celebrations. S\u00e4r\u00e4 can be served in a traditional wooden [&hellip;]<\/p>\n","protected":false},"author":1,"featured_media":0,"parent":0,"menu_order":0,"comment_status":"closed","ping_status":"closed","template":"page-templates\/full-width-page.php","meta":{"footnotes":""},"class_list":["post-1401","page","type-page","status-publish","hentry"],"yoast_head":"<!-- This site is optimized with the Yoast SEO plugin v27.4 - https:\/\/yoast.com\/product\/yoast-seo-wordpress\/ -->\n<title>Catering - S\u00e4r\u00e4pirtti - Lemin S\u00e4r\u00e4, Aito ja alkuper\u00e4inen<\/title>\n<meta name=\"robots\" content=\"index, follow, max-snippet:-1, max-image-preview:large, max-video-preview:-1\" \/>\n<link rel=\"canonical\" href=\"https:\/\/sarapirtti.fi\/en\/catering\/\" \/>\n<meta property=\"og:locale\" content=\"en_US\" \/>\n<meta property=\"og:type\" content=\"article\" \/>\n<meta property=\"og:title\" content=\"Catering - S\u00e4r\u00e4pirtti - Lemin S\u00e4r\u00e4, Aito ja alkuper\u00e4inen\" \/>\n<meta property=\"og:description\" content=\"Catering &#8211; S\u00e4r\u00e4pirtti kippurasarvi simply delicious! S\u00e4r\u00e4 is sublime when eaten either at the restaurant or served at your event. This traditional Finnish delicacy and our skilled catering service make a winning combination. S\u00e4r\u00e4 soup is an excellent choice for family gatherings and various kinds of celebrations. S\u00e4r\u00e4 can be served in a traditional wooden [&hellip;]\" \/>\n<meta property=\"og:url\" content=\"https:\/\/sarapirtti.fi\/en\/catering\/\" \/>\n<meta property=\"og:site_name\" content=\"S\u00e4r\u00e4pirtti - Lemin S\u00e4r\u00e4, Aito ja alkuper\u00e4inen\" \/>\n<meta property=\"article:modified_time\" content=\"2025-12-12T06:56:59+00:00\" \/>\n<meta property=\"og:image\" content=\"https:\/\/sarapirtti.fi\/wp-content\/uploads\/2025\/11\/Sarapirtti_ravintola-Lemi.jpg\" \/>\n\t<meta property=\"og:image:width\" content=\"1200\" \/>\n\t<meta property=\"og:image:height\" content=\"844\" \/>\n\t<meta property=\"og:image:type\" content=\"image\/jpeg\" \/>\n<meta name=\"twitter:card\" content=\"summary_large_image\" \/>\n<meta name=\"twitter:label1\" content=\"Est. reading time\" \/>\n\t<meta name=\"twitter:data1\" content=\"1 minute\" \/>\n<script type=\"application\/ld+json\" class=\"yoast-schema-graph\">{\"@context\":\"https:\\\/\\\/schema.org\",\"@graph\":[{\"@type\":\"WebPage\",\"@id\":\"https:\\\/\\\/sarapirtti.fi\\\/en\\\/catering\\\/\",\"url\":\"https:\\\/\\\/sarapirtti.fi\\\/en\\\/catering\\\/\",\"name\":\"Catering - S\u00e4r\u00e4pirtti - Lemin S\u00e4r\u00e4, Aito ja alkuper\u00e4inen\",\"isPartOf\":{\"@id\":\"https:\\\/\\\/sarapirtti.fi\\\/en\\\/#website\"},\"primaryImageOfPage\":{\"@id\":\"https:\\\/\\\/sarapirtti.fi\\\/en\\\/catering\\\/#primaryimage\"},\"image\":{\"@id\":\"https:\\\/\\\/sarapirtti.fi\\\/en\\\/catering\\\/#primaryimage\"},\"thumbnailUrl\":\"https:\\\/\\\/sarapirtti.fi\\\/wp-content\\\/uploads\\\/2025\\\/11\\\/Sarapirtti_ravintola-Lemi.jpg\",\"datePublished\":\"2025-11-20T08:41:26+00:00\",\"dateModified\":\"2025-12-12T06:56:59+00:00\",\"breadcrumb\":{\"@id\":\"https:\\\/\\\/sarapirtti.fi\\\/en\\\/catering\\\/#breadcrumb\"},\"inLanguage\":\"en-US\",\"potentialAction\":[{\"@type\":\"ReadAction\",\"target\":[\"https:\\\/\\\/sarapirtti.fi\\\/en\\\/catering\\\/\"]}]},{\"@type\":\"ImageObject\",\"inLanguage\":\"en-US\",\"@id\":\"https:\\\/\\\/sarapirtti.fi\\\/en\\\/catering\\\/#primaryimage\",\"url\":\"https:\\\/\\\/sarapirtti.fi\\\/wp-content\\\/uploads\\\/2025\\\/11\\\/Sarapirtti_ravintola-Lemi.jpg\",\"contentUrl\":\"https:\\\/\\\/sarapirtti.fi\\\/wp-content\\\/uploads\\\/2025\\\/11\\\/Sarapirtti_ravintola-Lemi.jpg\"},{\"@type\":\"BreadcrumbList\",\"@id\":\"https:\\\/\\\/sarapirtti.fi\\\/en\\\/catering\\\/#breadcrumb\",\"itemListElement\":[{\"@type\":\"ListItem\",\"position\":1,\"name\":\"Etusivu\",\"item\":\"https:\\\/\\\/sarapirtti.fi\\\/en\\\/\"},{\"@type\":\"ListItem\",\"position\":2,\"name\":\"Catering\"}]},{\"@type\":\"WebSite\",\"@id\":\"https:\\\/\\\/sarapirtti.fi\\\/en\\\/#website\",\"url\":\"https:\\\/\\\/sarapirtti.fi\\\/en\\\/\",\"name\":\"S\u00e4r\u00e4pirtti - Lemin S\u00e4r\u00e4, Aito ja alkuper\u00e4inen\",\"description\":\"S\u00e4r\u00e4pirtti Kippurasarvi on Suomen ainoa yhden ruuan ravintola. Tarjoamme ymp\u00e4rivuotisesti Lemin s\u00e4r\u00e4\u00e4 ravintolassa, sek\u00e4 s\u00e4r\u00e4\u00e4 voi tilata my\u00f6s verkkokaupan kautta. S\u00e4r\u00e4 on 1000 v perinteen mukaisesti, koivukaukalossa kypsennetty\u00e4 lammasherkkua.\",\"publisher\":{\"@id\":\"https:\\\/\\\/sarapirtti.fi\\\/en\\\/#organization\"},\"potentialAction\":[{\"@type\":\"SearchAction\",\"target\":{\"@type\":\"EntryPoint\",\"urlTemplate\":\"https:\\\/\\\/sarapirtti.fi\\\/en\\\/?s={search_term_string}\"},\"query-input\":{\"@type\":\"PropertyValueSpecification\",\"valueRequired\":true,\"valueName\":\"search_term_string\"}}],\"inLanguage\":\"en-US\"},{\"@type\":\"Organization\",\"@id\":\"https:\\\/\\\/sarapirtti.fi\\\/en\\\/#organization\",\"name\":\"S\u00e4r\u00e4pirtti - Lemin S\u00e4r\u00e4, Aito ja alkuper\u00e4inen\",\"url\":\"https:\\\/\\\/sarapirtti.fi\\\/en\\\/\",\"logo\":{\"@type\":\"ImageObject\",\"inLanguage\":\"en-US\",\"@id\":\"https:\\\/\\\/sarapirtti.fi\\\/en\\\/#\\\/schema\\\/logo\\\/image\\\/\",\"url\":\"https:\\\/\\\/sarapirtti.fi\\\/wp-content\\\/uploads\\\/2025\\\/11\\\/cropped-cropped-cropped-cropped-cropped-cropped-cropped-sarapirtti-1.png\",\"contentUrl\":\"https:\\\/\\\/sarapirtti.fi\\\/wp-content\\\/uploads\\\/2025\\\/11\\\/cropped-cropped-cropped-cropped-cropped-cropped-cropped-sarapirtti-1.png\",\"width\":448,\"height\":278,\"caption\":\"S\u00e4r\u00e4pirtti - Lemin S\u00e4r\u00e4, Aito ja alkuper\u00e4inen\"},\"image\":{\"@id\":\"https:\\\/\\\/sarapirtti.fi\\\/en\\\/#\\\/schema\\\/logo\\\/image\\\/\"}}]}<\/script>\n<!-- \/ Yoast SEO plugin. -->","yoast_head_json":{"title":"Catering - S\u00e4r\u00e4pirtti - Lemin S\u00e4r\u00e4, Aito ja alkuper\u00e4inen","robots":{"index":"index","follow":"follow","max-snippet":"max-snippet:-1","max-image-preview":"max-image-preview:large","max-video-preview":"max-video-preview:-1"},"canonical":"https:\/\/sarapirtti.fi\/en\/catering\/","og_locale":"en_US","og_type":"article","og_title":"Catering - S\u00e4r\u00e4pirtti - Lemin S\u00e4r\u00e4, Aito ja alkuper\u00e4inen","og_description":"Catering &#8211; S\u00e4r\u00e4pirtti kippurasarvi simply delicious! S\u00e4r\u00e4 is sublime when eaten either at the restaurant or served at your event. This traditional Finnish delicacy and our skilled catering service make a winning combination. S\u00e4r\u00e4 soup is an excellent choice for family gatherings and various kinds of celebrations. S\u00e4r\u00e4 can be served in a traditional wooden [&hellip;]","og_url":"https:\/\/sarapirtti.fi\/en\/catering\/","og_site_name":"S\u00e4r\u00e4pirtti - Lemin S\u00e4r\u00e4, Aito ja alkuper\u00e4inen","article_modified_time":"2025-12-12T06:56:59+00:00","og_image":[{"width":1200,"height":844,"url":"https:\/\/sarapirtti.fi\/wp-content\/uploads\/2025\/11\/Sarapirtti_ravintola-Lemi.jpg","type":"image\/jpeg"}],"twitter_card":"summary_large_image","twitter_misc":{"Est. reading time":"1 minute"},"schema":{"@context":"https:\/\/schema.org","@graph":[{"@type":"WebPage","@id":"https:\/\/sarapirtti.fi\/en\/catering\/","url":"https:\/\/sarapirtti.fi\/en\/catering\/","name":"Catering - S\u00e4r\u00e4pirtti - Lemin S\u00e4r\u00e4, Aito ja alkuper\u00e4inen","isPartOf":{"@id":"https:\/\/sarapirtti.fi\/en\/#website"},"primaryImageOfPage":{"@id":"https:\/\/sarapirtti.fi\/en\/catering\/#primaryimage"},"image":{"@id":"https:\/\/sarapirtti.fi\/en\/catering\/#primaryimage"},"thumbnailUrl":"https:\/\/sarapirtti.fi\/wp-content\/uploads\/2025\/11\/Sarapirtti_ravintola-Lemi.jpg","datePublished":"2025-11-20T08:41:26+00:00","dateModified":"2025-12-12T06:56:59+00:00","breadcrumb":{"@id":"https:\/\/sarapirtti.fi\/en\/catering\/#breadcrumb"},"inLanguage":"en-US","potentialAction":[{"@type":"ReadAction","target":["https:\/\/sarapirtti.fi\/en\/catering\/"]}]},{"@type":"ImageObject","inLanguage":"en-US","@id":"https:\/\/sarapirtti.fi\/en\/catering\/#primaryimage","url":"https:\/\/sarapirtti.fi\/wp-content\/uploads\/2025\/11\/Sarapirtti_ravintola-Lemi.jpg","contentUrl":"https:\/\/sarapirtti.fi\/wp-content\/uploads\/2025\/11\/Sarapirtti_ravintola-Lemi.jpg"},{"@type":"BreadcrumbList","@id":"https:\/\/sarapirtti.fi\/en\/catering\/#breadcrumb","itemListElement":[{"@type":"ListItem","position":1,"name":"Etusivu","item":"https:\/\/sarapirtti.fi\/en\/"},{"@type":"ListItem","position":2,"name":"Catering"}]},{"@type":"WebSite","@id":"https:\/\/sarapirtti.fi\/en\/#website","url":"https:\/\/sarapirtti.fi\/en\/","name":"S\u00e4r\u00e4pirtti - Lemin S\u00e4r\u00e4, Aito ja alkuper\u00e4inen","description":"S\u00e4r\u00e4pirtti Kippurasarvi on Suomen ainoa yhden ruuan ravintola. Tarjoamme ymp\u00e4rivuotisesti Lemin s\u00e4r\u00e4\u00e4 ravintolassa, sek\u00e4 s\u00e4r\u00e4\u00e4 voi tilata my\u00f6s verkkokaupan kautta. S\u00e4r\u00e4 on 1000 v perinteen mukaisesti, koivukaukalossa kypsennetty\u00e4 lammasherkkua.","publisher":{"@id":"https:\/\/sarapirtti.fi\/en\/#organization"},"potentialAction":[{"@type":"SearchAction","target":{"@type":"EntryPoint","urlTemplate":"https:\/\/sarapirtti.fi\/en\/?s={search_term_string}"},"query-input":{"@type":"PropertyValueSpecification","valueRequired":true,"valueName":"search_term_string"}}],"inLanguage":"en-US"},{"@type":"Organization","@id":"https:\/\/sarapirtti.fi\/en\/#organization","name":"S\u00e4r\u00e4pirtti - Lemin S\u00e4r\u00e4, Aito ja alkuper\u00e4inen","url":"https:\/\/sarapirtti.fi\/en\/","logo":{"@type":"ImageObject","inLanguage":"en-US","@id":"https:\/\/sarapirtti.fi\/en\/#\/schema\/logo\/image\/","url":"https:\/\/sarapirtti.fi\/wp-content\/uploads\/2025\/11\/cropped-cropped-cropped-cropped-cropped-cropped-cropped-sarapirtti-1.png","contentUrl":"https:\/\/sarapirtti.fi\/wp-content\/uploads\/2025\/11\/cropped-cropped-cropped-cropped-cropped-cropped-cropped-sarapirtti-1.png","width":448,"height":278,"caption":"S\u00e4r\u00e4pirtti - Lemin S\u00e4r\u00e4, Aito ja alkuper\u00e4inen"},"image":{"@id":"https:\/\/sarapirtti.fi\/en\/#\/schema\/logo\/image\/"}}]}},"_links":{"self":[{"href":"https:\/\/sarapirtti.fi\/en\/wp-json\/wp\/v2\/pages\/1401","targetHints":{"allow":["GET"]}}],"collection":[{"href":"https:\/\/sarapirtti.fi\/en\/wp-json\/wp\/v2\/pages"}],"about":[{"href":"https:\/\/sarapirtti.fi\/en\/wp-json\/wp\/v2\/types\/page"}],"author":[{"embeddable":true,"href":"https:\/\/sarapirtti.fi\/en\/wp-json\/wp\/v2\/users\/1"}],"replies":[{"embeddable":true,"href":"https:\/\/sarapirtti.fi\/en\/wp-json\/wp\/v2\/comments?post=1401"}],"version-history":[{"count":1,"href":"https:\/\/sarapirtti.fi\/en\/wp-json\/wp\/v2\/pages\/1401\/revisions"}],"predecessor-version":[{"id":1404,"href":"https:\/\/sarapirtti.fi\/en\/wp-json\/wp\/v2\/pages\/1401\/revisions\/1404"}],"wp:attachment":[{"href":"https:\/\/sarapirtti.fi\/en\/wp-json\/wp\/v2\/media?parent=1401"}],"curies":[{"name":"wp","href":"https:\/\/api.w.org\/{rel}","templated":true}]}}