{"id":1386,"date":"2025-11-20T11:07:11","date_gmt":"2025-11-20T09:07:11","guid":{"rendered":"https:\/\/sarapirtti.vmh-productions.fi\/overnight-sara-dried-meat\/"},"modified":"2026-01-05T14:42:42","modified_gmt":"2026-01-05T12:42:42","slug":"overnight-sara-dried-meat","status":"publish","type":"page","link":"https:\/\/sarapirtti.fi\/en\/overnight-sara-dried-meat\/","title":{"rendered":"Overnight S\u00e4r\u00e4 &#8211; Dried Meat"},"content":{"rendered":"<div data-colibri-id=\"1386-c1\" class=\"style-803 style-local-1386-c1 position-relative\">\n  <!---->\n  <div data-colibri-component=\"section\" data-colibri-id=\"1386-c2\" id=\"reusable-sections\" class=\"h-section h-section-global-spacing d-flex align-items-lg-center align-items-md-center align-items-center style-808 style-local-1386-c2 position-relative\">\n    <!---->\n    <!---->\n    <div class=\"h-section-grid-container h-section-boxed-container\">\n      <!---->\n      <div data-colibri-id=\"1386-c3\" class=\"h-row-container gutters-row-lg-2 gutters-row-md-2 gutters-row-2 gutters-row-v-lg-2 gutters-row-v-md-2 gutters-row-v-2 style-809 style-local-1386-c3 position-relative\">\n        <!---->\n        <div class=\"h-row justify-content-lg-center justify-content-md-center justify-content-center align-items-lg-stretch align-items-md-stretch align-items-stretch gutters-col-lg-2 gutters-col-md-2 gutters-col-2 gutters-col-v-lg-2 gutters-col-v-md-2 gutters-col-v-2\">\n          <!---->\n          <div class=\"h-column h-column-container d-flex h-col-lg-auto h-col-md-auto h-col-auto style-810-outer style-local-1386-c4-outer\">\n            <div data-colibri-id=\"1386-c4\" class=\"d-flex h-flex-basis h-column__inner h-px-lg-2 h-px-md-2 h-px-2 v-inner-lg-2 v-inner-md-2 v-inner-2 style-810 style-local-1386-c4 position-relative\">\n              <!---->\n              <!---->\n              <div class=\"w-100 h-y-container h-column__content h-column__v-align flex-basis-100 align-self-lg-center align-self-md-center align-self-center\">\n                <!---->\n                <div data-colibri-id=\"1386-c5\" class=\"d-block style-811 style-local-1386-c5 position-relative h-element\">\n                  <!---->\n                  <div class=\"h-image__frame-container-outer\">\n                    <div class=\"h-image__frame-container\">\n                      <!---->\n                      <!---->\n                      <img loading=\"lazy\" decoding=\"async\" width=\"669\" height=\"866\" src=\"https:\/\/sarapirtti.fi\/wp-content\/uploads\/2025\/11\/cropped-yon_yli_sara.png\" class=\"wp-image-1043 style-811-image style-local-1386-c5-image\" alt=\"\" srcset=\"https:\/\/sarapirtti.fi\/wp-content\/uploads\/2025\/11\/cropped-yon_yli_sara.png 669w, https:\/\/sarapirtti.fi\/wp-content\/uploads\/2025\/11\/cropped-yon_yli_sara-232x300.png 232w\" sizes=\"auto, (max-width: 669px) 100vw, 669px\" \/>\n                      <div class=\"h-image__frame h-hide-lg h-hide-md h-hide-sm style-811-frameImage style-local-1386-c5-frameImage\"><\/div>\n                    <\/div>\n                  <\/div>\n                <\/div>\n              <\/div>\n            <\/div>\n          <\/div>\n          <div class=\"h-column h-column-container d-flex h-col-lg-auto h-col-md-auto h-col-auto style-812-outer style-local-1386-c6-outer\">\n            <div data-colibri-id=\"1386-c6\" class=\"d-flex h-flex-basis h-column__inner h-px-lg-2 h-px-md-2 h-px-2 v-inner-lg-2 v-inner-md-2 v-inner-2 style-812 style-local-1386-c6 position-relative\">\n              <!---->\n              <!---->\n              <div class=\"w-100 h-y-container h-column__content h-column__v-align flex-basis-100 align-self-lg-center align-self-md-center align-self-center\">\n                <!---->\n                <div data-colibri-id=\"1386-c7\" class=\"h-global-transition-all h-heading style-813 style-local-1386-c7 position-relative h-element\">\n                  <!---->\n                  <div class=\"h-heading__outer style-813 style-local-1386-c7\">\n                    <!---->\n                    <!---->\n                    <h6 class=\"\">Dried meat online store &#8211; S\u00e4r\u00e4pirtti kippurasarvi<\/h6>\n                  <\/div>\n                <\/div>\n                <div data-colibri-id=\"1386-c8\" class=\"h-global-transition-all h-heading style-814 style-local-1386-c8 position-relative h-element\">\n                  <!---->\n                  <div class=\"h-heading__outer style-814 style-local-1386-c8\">\n                    <!---->\n                    <!---->\n                    <h2 class=\"\">Dried meat from Lemi &#8211; y\u00f6n yli s\u00e4r\u00e4<\/h2>\n                  <\/div>\n                <\/div>\n                <div data-colibri-id=\"1386-c9\" class=\"h-text h-text-component style-815 style-local-1386-c9 position-relative h-element\">\n                  <!---->\n                  <!---->\n                  <div class=\"\">\n                    <p>The dried meat has the robust saltiness, birch and alder smoke, and lamb flavor characteristic of authentic s\u00e4r\u00e4. The product is handmade from start to finish.<\/p>\n                  <\/div>\n                <\/div>\n                <div data-colibri-id=\"1386-c10\" class=\"h-x-container style-816 style-local-1386-c10 position-relative h-element\">\n                  <!---->\n                  <div class=\"h-x-container-inner style-dynamic-1386-c10-group style-816-spacing style-local-1386-c10-spacing\"><span class=\"h-button__outer style-817-outer style-local-1386-c11-outer d-inline-flex h-element\"><a h-use-smooth-scroll=\"true\" href=\"https:\/\/verkkokauppa.sarapirtti.fi\/\" target=\"_blank\"  data-colibri-id=\"1386-c11\" class=\"d-flex w-100 align-items-center h-button justify-content-lg-center justify-content-md-center justify-content-center style-817 style-local-1386-c11 position-relative\"><!----><!----> <span>Order now from the online store<\/span><\/a>\n                    <\/span>\n                  <\/div>\n                <\/div>\n              <\/div>\n            <\/div>\n          <\/div>\n        <\/div>\n      <\/div>\n      <div data-colibri-id=\"1386-c12\" class=\"h-row-container gutters-row-lg-2 gutters-row-md-2 gutters-row-0 gutters-row-v-lg-2 gutters-row-v-md-2 gutters-row-v-2 style-818 style-local-1386-c12 position-relative\">\n        <!---->\n        <div class=\"h-row justify-content-lg-center justify-content-md-center justify-content-center align-items-lg-stretch align-items-md-stretch align-items-stretch gutters-col-lg-2 gutters-col-md-2 gutters-col-0 gutters-col-v-lg-2 gutters-col-v-md-2 gutters-col-v-2\">\n          <!---->\n          <div class=\"h-column h-column-container d-flex h-col-lg-auto h-col-md-auto h-col-auto style-819-outer style-local-1386-c13-outer\">\n            <div data-colibri-id=\"1386-c13\" class=\"d-flex h-flex-basis h-column__inner h-px-lg-2 h-px-md-2 h-px-2 v-inner-lg-2 v-inner-md-2 v-inner-2 style-819 style-local-1386-c13 position-relative\">\n              <!---->\n              <!---->\n              <div class=\"w-100 h-y-container h-column__content h-column__v-align flex-basis-100 align-self-lg-center align-self-md-center align-self-center\">\n                <!---->\n                <div data-colibri-id=\"1386-c14\" class=\"h-global-transition-all h-heading style-820 style-local-1386-c14 position-relative h-element\">\n                  <!---->\n                  <div class=\"h-heading__outer style-820 style-local-1386-c14\">\n                    <!---->\n                    <!---->\n                    <h4 class=\"\">Can&#8217;t find the product in your local store?<\/h4>\n                  <\/div>\n                <\/div>\n                <div data-colibri-id=\"1386-c15\" class=\"h-text h-text-component style-821 style-local-1386-c15 position-relative h-element\">\n                  <!---->\n                  <!---->\n                  <div class=\"\">\n                    <p>Tell your local grocer or send us your local store&#8217;s contact information&nbsp;\n                      <a href=\"mailto:info@sarapirtti.fi\">info@sarapirtti.fi<\/a>\n                    <\/p>\n                  <\/div>\n                <\/div>\n                <div data-colibri-id=\"1386-c16\" class=\"h-global-transition-all h-heading style-822 style-local-1386-c16 position-relative h-element\">\n                  <!---->\n                  <div class=\"h-heading__outer style-822 style-local-1386-c16\">\n                    <!---->\n                    <!---->\n                    <h4 class=\"\">Are you interested in reselling?<\/h4>\n                  <\/div>\n                <\/div>\n                <div data-colibri-id=\"1386-c17\" class=\"h-text h-text-component style-821 style-local-1386-c17 position-relative h-element\">\n                  <!---->\n                  <!---->\n                  <div class=\"\">\n                    <p>Elias Ruosteinen, 0453282188,&nbsp;\n                      <a href=\"mailto:elias.ruosteinen@sarapirtti.fi\">elias.ruosteinen@sarapirtti.fi<\/a>\n                    <\/p>\n                  <\/div>\n                <\/div>\n              <\/div>\n            <\/div>\n          <\/div>\n          <div class=\"h-column h-column-container d-flex h-col-lg-auto h-col-md-auto h-col-auto style-819-outer style-local-1386-c18-outer\">\n            <div data-colibri-id=\"1386-c18\" class=\"d-flex h-flex-basis h-column__inner h-px-lg-2 h-px-md-2 h-px-2 v-inner-lg-2 v-inner-md-2 v-inner-2 style-819 style-local-1386-c18 position-relative\">\n              <!---->\n              <!---->\n              <div class=\"w-100 h-y-container h-column__content h-column__v-align flex-basis-100 align-self-lg-center align-self-md-center align-self-center\">\n                <!---->\n                <div data-colibri-id=\"1386-c19\" class=\"d-block style-823 style-local-1386-c19 position-relative h-element\">\n                  <!---->\n                  <div class=\"h-image__frame-container-outer\">\n                    <div class=\"h-image__frame-container\">\n                      <!---->\n                      <!---->\n                      <img loading=\"lazy\" decoding=\"async\" width=\"1021\" height=\"681\" src=\"https:\/\/sarapirtti.fi\/wp-content\/uploads\/2025\/11\/yon-yli-sara-kuivaliha.jpg\" class=\"wp-image-943 style-823-image style-local-1386-c19-image\" alt=\"\" srcset=\"https:\/\/sarapirtti.fi\/wp-content\/uploads\/2025\/11\/yon-yli-sara-kuivaliha.jpg 1021w, https:\/\/sarapirtti.fi\/wp-content\/uploads\/2025\/11\/yon-yli-sara-kuivaliha-300x200.jpg 300w, https:\/\/sarapirtti.fi\/wp-content\/uploads\/2025\/11\/yon-yli-sara-kuivaliha-768x512.jpg 768w\" sizes=\"auto, (max-width: 1021px) 100vw, 1021px\" \/>\n                      <div class=\"h-image__frame h-hide-lg h-hide-md h-hide-sm style-823-frameImage style-local-1386-c19-frameImage\"><\/div>\n                    <\/div>\n                  <\/div>\n                <\/div>\n              <\/div>\n            <\/div>\n          <\/div>\n        <\/div>\n      <\/div>\n    <\/div>\n  <\/div>\n  <div data-colibri-component=\"section\" data-colibri-id=\"1386-c20\" id=\"reusable-sections-2\" class=\"h-section h-section-global-spacing d-flex align-items-lg-center align-items-md-center align-items-center style-824 style-local-1386-c20 position-relative\">\n    <!---->\n    <!---->\n    <div class=\"h-section-grid-container h-section-boxed-container\">\n      <!---->\n      <div data-colibri-id=\"1386-c21\" class=\"h-row-container gutters-row-lg-2 gutters-row-md-2 gutters-row-0 gutters-row-v-lg-2 gutters-row-v-md-2 gutters-row-v-2 style-825 style-local-1386-c21 position-relative\">\n        <!---->\n        <div class=\"h-row justify-content-lg-center justify-content-md-center justify-content-center align-items-lg-stretch align-items-md-stretch align-items-stretch gutters-col-lg-2 gutters-col-md-2 gutters-col-0 gutters-col-v-lg-2 gutters-col-v-md-2 gutters-col-v-2\">\n          <!---->\n          <div class=\"h-column h-column-container d-flex h-col-lg-auto h-col-md-auto h-col-auto style-826-outer style-local-1386-c22-outer\">\n            <div data-colibri-id=\"1386-c22\" class=\"d-flex h-flex-basis h-column__inner h-px-lg-2 h-px-md-2 h-px-2 v-inner-lg-2 v-inner-md-2 v-inner-2 style-826 style-local-1386-c22 position-relative\">\n              <!---->\n              <!---->\n              <div class=\"w-100 h-y-container h-column__content h-column__v-align flex-basis-100 align-self-lg-start align-self-md-start align-self-start\">\n                <!---->\n                <div data-colibri-id=\"1386-c23\" class=\"h-global-transition-all h-heading style-827 style-local-1386-c23 position-relative h-element\">\n                  <!---->\n                  <div class=\"h-heading__outer style-827 style-local-1386-c23\">\n                    <!---->\n                    <!---->\n                    <h2 class=\"\">Dried Meat Online Store<\/h2>\n                  <\/div>\n                <\/div>\n                <div data-colibri-id=\"1386-c24\" class=\"h-global-transition-all h-heading style-828 style-local-1386-c24 position-relative h-element\">\n                  <!---->\n                  <div class=\"h-heading__outer style-828 style-local-1386-c24\">\n                    <!---->\n                    <!---->\n                    <h3 class=\"\">ORDER OVERNIGHT S\u00c4R\u00c4 DRIED MEAT PRODUCTS FROM THE ONLINE STORE<\/h3>\n                  <\/div>\n                <\/div>\n                <div data-colibri-id=\"1386-c25\" class=\"d-block style-829 style-local-1386-c25 position-relative h-element\">\n                  <!---->\n                  <div class=\"h-image__frame-container-outer\">\n                    <div class=\"h-image__frame-container\">\n                      <!---->\n                      <!---->\n                      <img loading=\"lazy\" decoding=\"async\" width=\"773\" height=\"182\" src=\"https:\/\/sarapirtti.fi\/wp-content\/uploads\/2025\/11\/nimetn-malli-6.png\" class=\"wp-image-602 style-829-image style-local-1386-c25-image\" alt=\"\" srcset=\"https:\/\/sarapirtti.fi\/wp-content\/uploads\/2025\/11\/nimetn-malli-6.png 773w, https:\/\/sarapirtti.fi\/wp-content\/uploads\/2025\/11\/nimetn-malli-6-300x71.png 300w, https:\/\/sarapirtti.fi\/wp-content\/uploads\/2025\/11\/nimetn-malli-6-768x181.png 768w\" sizes=\"auto, (max-width: 773px) 100vw, 773px\" \/>\n                      <div class=\"h-image__frame h-hide-lg h-hide-md h-hide-sm style-829-frameImage style-local-1386-c25-frameImage\"><\/div>\n                    <\/div>\n                  <\/div>\n                <\/div>\n                <div data-colibri-id=\"1386-c26\" class=\"h-text h-text-component style-830 style-local-1386-c26 position-relative h-element\">\n                  <!---->\n                  <!---->\n                  <div class=\"\">\n                    <p>Lemi Dried Meat represents the thousand-year-old Lemi s\u00e4r\u00e4 tradition in its original form.<\/p>\n                  <\/div>\n                <\/div>\n                <div data-colibri-id=\"1386-c27\" class=\"h-x-container style-831 style-local-1386-c27 position-relative h-element\">\n                  <!---->\n                  <div class=\"h-x-container-inner style-dynamic-1386-c27-group style-831-spacing style-local-1386-c27-spacing\"><span class=\"h-button__outer style-832-outer style-local-1386-c28-outer d-inline-flex h-element\"><a h-use-smooth-scroll=\"true\" href=\"https:\/\/verkkokauppa.sarapirtti.fi\/\" target=\"_blank\"  data-colibri-id=\"1386-c28\" class=\"d-flex w-100 align-items-center h-button justify-content-lg-center justify-content-md-center justify-content-center style-832 style-local-1386-c28 position-relative\"><!----><!----> <span>Go to Online Store<\/span><\/a>\n                    <\/span>\n                  <\/div>\n                <\/div>\n              <\/div>\n            <\/div>\n          <\/div>\n        <\/div>\n      <\/div>\n    <\/div>\n  <\/div>\n<\/div>","protected":false},"excerpt":{"rendered":"<p>Dried meat online store &#8211; S\u00e4r\u00e4pirtti kippurasarvi Dried meat from Lemi &#8211; y\u00f6n yli s\u00e4r\u00e4 The dried meat has the robust saltiness, birch and alder smoke, and lamb flavor characteristic of authentic s\u00e4r\u00e4. The product is handmade from start to finish. Order now from the online store Can&#8217;t find the product in your local store? [&hellip;]<\/p>\n","protected":false},"author":1,"featured_media":0,"parent":0,"menu_order":0,"comment_status":"closed","ping_status":"closed","template":"page-templates\/full-width-page.php","meta":{"footnotes":""},"class_list":["post-1386","page","type-page","status-publish","hentry"],"yoast_head":"<!-- This site is optimized with the Yoast SEO plugin v27.4 - https:\/\/yoast.com\/product\/yoast-seo-wordpress\/ -->\n<title>Overnight S\u00e4r\u00e4 - Dried Meat - S\u00e4r\u00e4pirtti - Lemin S\u00e4r\u00e4, Aito ja alkuper\u00e4inen<\/title>\n<meta name=\"robots\" content=\"index, follow, max-snippet:-1, max-image-preview:large, max-video-preview:-1\" \/>\n<link rel=\"canonical\" href=\"https:\/\/sarapirtti.fi\/en\/overnight-sara-dried-meat\/\" \/>\n<meta property=\"og:locale\" content=\"en_US\" \/>\n<meta property=\"og:type\" content=\"article\" \/>\n<meta property=\"og:title\" content=\"Overnight S\u00e4r\u00e4 - Dried Meat - S\u00e4r\u00e4pirtti - Lemin S\u00e4r\u00e4, Aito ja alkuper\u00e4inen\" \/>\n<meta property=\"og:description\" content=\"Dried meat online store &#8211; S\u00e4r\u00e4pirtti kippurasarvi Dried meat from Lemi &#8211; y\u00f6n yli s\u00e4r\u00e4 The dried meat has the robust saltiness, birch and alder smoke, and lamb flavor characteristic of authentic s\u00e4r\u00e4. The product is handmade from start to finish. Order now from the online store Can&#8217;t find the product in your local store? [&hellip;]\" \/>\n<meta property=\"og:url\" content=\"https:\/\/sarapirtti.fi\/en\/overnight-sara-dried-meat\/\" \/>\n<meta property=\"og:site_name\" content=\"S\u00e4r\u00e4pirtti - Lemin S\u00e4r\u00e4, Aito ja alkuper\u00e4inen\" \/>\n<meta property=\"article:modified_time\" content=\"2026-01-05T12:42:42+00:00\" \/>\n<meta property=\"og:image\" content=\"https:\/\/sarapirtti.fi\/wp-content\/uploads\/2025\/11\/cropped-yon_yli_sara.png\" \/>\n\t<meta property=\"og:image:width\" content=\"669\" \/>\n\t<meta property=\"og:image:height\" content=\"866\" \/>\n\t<meta property=\"og:image:type\" content=\"image\/png\" \/>\n<meta name=\"twitter:card\" content=\"summary_large_image\" \/>\n<meta name=\"twitter:label1\" content=\"Est. reading time\" \/>\n\t<meta name=\"twitter:data1\" content=\"1 minute\" \/>\n<script type=\"application\/ld+json\" class=\"yoast-schema-graph\">{\"@context\":\"https:\\\/\\\/schema.org\",\"@graph\":[{\"@type\":\"WebPage\",\"@id\":\"https:\\\/\\\/sarapirtti.fi\\\/en\\\/overnight-sara-dried-meat\\\/\",\"url\":\"https:\\\/\\\/sarapirtti.fi\\\/en\\\/overnight-sara-dried-meat\\\/\",\"name\":\"Overnight S\u00e4r\u00e4 - Dried Meat - S\u00e4r\u00e4pirtti - Lemin S\u00e4r\u00e4, Aito ja alkuper\u00e4inen\",\"isPartOf\":{\"@id\":\"https:\\\/\\\/sarapirtti.fi\\\/en\\\/#website\"},\"primaryImageOfPage\":{\"@id\":\"https:\\\/\\\/sarapirtti.fi\\\/en\\\/overnight-sara-dried-meat\\\/#primaryimage\"},\"image\":{\"@id\":\"https:\\\/\\\/sarapirtti.fi\\\/en\\\/overnight-sara-dried-meat\\\/#primaryimage\"},\"thumbnailUrl\":\"https:\\\/\\\/sarapirtti.fi\\\/wp-content\\\/uploads\\\/2025\\\/11\\\/cropped-yon_yli_sara.png\",\"datePublished\":\"2025-11-20T09:07:11+00:00\",\"dateModified\":\"2026-01-05T12:42:42+00:00\",\"breadcrumb\":{\"@id\":\"https:\\\/\\\/sarapirtti.fi\\\/en\\\/overnight-sara-dried-meat\\\/#breadcrumb\"},\"inLanguage\":\"en-US\",\"potentialAction\":[{\"@type\":\"ReadAction\",\"target\":[\"https:\\\/\\\/sarapirtti.fi\\\/en\\\/overnight-sara-dried-meat\\\/\"]}]},{\"@type\":\"ImageObject\",\"inLanguage\":\"en-US\",\"@id\":\"https:\\\/\\\/sarapirtti.fi\\\/en\\\/overnight-sara-dried-meat\\\/#primaryimage\",\"url\":\"https:\\\/\\\/sarapirtti.fi\\\/wp-content\\\/uploads\\\/2025\\\/11\\\/cropped-yon_yli_sara.png\",\"contentUrl\":\"https:\\\/\\\/sarapirtti.fi\\\/wp-content\\\/uploads\\\/2025\\\/11\\\/cropped-yon_yli_sara.png\"},{\"@type\":\"BreadcrumbList\",\"@id\":\"https:\\\/\\\/sarapirtti.fi\\\/en\\\/overnight-sara-dried-meat\\\/#breadcrumb\",\"itemListElement\":[{\"@type\":\"ListItem\",\"position\":1,\"name\":\"Etusivu\",\"item\":\"https:\\\/\\\/sarapirtti.fi\\\/en\\\/\"},{\"@type\":\"ListItem\",\"position\":2,\"name\":\"Overnight S\u00e4r\u00e4 &#8211; Dried Meat\"}]},{\"@type\":\"WebSite\",\"@id\":\"https:\\\/\\\/sarapirtti.fi\\\/en\\\/#website\",\"url\":\"https:\\\/\\\/sarapirtti.fi\\\/en\\\/\",\"name\":\"S\u00e4r\u00e4pirtti - Lemin S\u00e4r\u00e4, Aito ja alkuper\u00e4inen\",\"description\":\"S\u00e4r\u00e4pirtti Kippurasarvi on Suomen ainoa yhden ruuan ravintola. Tarjoamme ymp\u00e4rivuotisesti Lemin s\u00e4r\u00e4\u00e4 ravintolassa, sek\u00e4 s\u00e4r\u00e4\u00e4 voi tilata my\u00f6s verkkokaupan kautta. S\u00e4r\u00e4 on 1000 v perinteen mukaisesti, koivukaukalossa kypsennetty\u00e4 lammasherkkua.\",\"publisher\":{\"@id\":\"https:\\\/\\\/sarapirtti.fi\\\/en\\\/#organization\"},\"potentialAction\":[{\"@type\":\"SearchAction\",\"target\":{\"@type\":\"EntryPoint\",\"urlTemplate\":\"https:\\\/\\\/sarapirtti.fi\\\/en\\\/?s={search_term_string}\"},\"query-input\":{\"@type\":\"PropertyValueSpecification\",\"valueRequired\":true,\"valueName\":\"search_term_string\"}}],\"inLanguage\":\"en-US\"},{\"@type\":\"Organization\",\"@id\":\"https:\\\/\\\/sarapirtti.fi\\\/en\\\/#organization\",\"name\":\"S\u00e4r\u00e4pirtti - Lemin S\u00e4r\u00e4, Aito ja alkuper\u00e4inen\",\"url\":\"https:\\\/\\\/sarapirtti.fi\\\/en\\\/\",\"logo\":{\"@type\":\"ImageObject\",\"inLanguage\":\"en-US\",\"@id\":\"https:\\\/\\\/sarapirtti.fi\\\/en\\\/#\\\/schema\\\/logo\\\/image\\\/\",\"url\":\"https:\\\/\\\/sarapirtti.fi\\\/wp-content\\\/uploads\\\/2025\\\/11\\\/cropped-cropped-cropped-cropped-cropped-cropped-cropped-sarapirtti-1.png\",\"contentUrl\":\"https:\\\/\\\/sarapirtti.fi\\\/wp-content\\\/uploads\\\/2025\\\/11\\\/cropped-cropped-cropped-cropped-cropped-cropped-cropped-sarapirtti-1.png\",\"width\":448,\"height\":278,\"caption\":\"S\u00e4r\u00e4pirtti - Lemin S\u00e4r\u00e4, Aito ja alkuper\u00e4inen\"},\"image\":{\"@id\":\"https:\\\/\\\/sarapirtti.fi\\\/en\\\/#\\\/schema\\\/logo\\\/image\\\/\"}}]}<\/script>\n<!-- \/ Yoast SEO plugin. -->","yoast_head_json":{"title":"Overnight S\u00e4r\u00e4 - Dried Meat - S\u00e4r\u00e4pirtti - Lemin S\u00e4r\u00e4, Aito ja alkuper\u00e4inen","robots":{"index":"index","follow":"follow","max-snippet":"max-snippet:-1","max-image-preview":"max-image-preview:large","max-video-preview":"max-video-preview:-1"},"canonical":"https:\/\/sarapirtti.fi\/en\/overnight-sara-dried-meat\/","og_locale":"en_US","og_type":"article","og_title":"Overnight S\u00e4r\u00e4 - Dried Meat - S\u00e4r\u00e4pirtti - Lemin S\u00e4r\u00e4, Aito ja alkuper\u00e4inen","og_description":"Dried meat online store &#8211; S\u00e4r\u00e4pirtti kippurasarvi Dried meat from Lemi &#8211; y\u00f6n yli s\u00e4r\u00e4 The dried meat has the robust saltiness, birch and alder smoke, and lamb flavor characteristic of authentic s\u00e4r\u00e4. The product is handmade from start to finish. Order now from the online store Can&#8217;t find the product in your local store? [&hellip;]","og_url":"https:\/\/sarapirtti.fi\/en\/overnight-sara-dried-meat\/","og_site_name":"S\u00e4r\u00e4pirtti - Lemin S\u00e4r\u00e4, Aito ja alkuper\u00e4inen","article_modified_time":"2026-01-05T12:42:42+00:00","og_image":[{"width":669,"height":866,"url":"https:\/\/sarapirtti.fi\/wp-content\/uploads\/2025\/11\/cropped-yon_yli_sara.png","type":"image\/png"}],"twitter_card":"summary_large_image","twitter_misc":{"Est. reading time":"1 minute"},"schema":{"@context":"https:\/\/schema.org","@graph":[{"@type":"WebPage","@id":"https:\/\/sarapirtti.fi\/en\/overnight-sara-dried-meat\/","url":"https:\/\/sarapirtti.fi\/en\/overnight-sara-dried-meat\/","name":"Overnight S\u00e4r\u00e4 - Dried Meat - S\u00e4r\u00e4pirtti - Lemin S\u00e4r\u00e4, Aito ja alkuper\u00e4inen","isPartOf":{"@id":"https:\/\/sarapirtti.fi\/en\/#website"},"primaryImageOfPage":{"@id":"https:\/\/sarapirtti.fi\/en\/overnight-sara-dried-meat\/#primaryimage"},"image":{"@id":"https:\/\/sarapirtti.fi\/en\/overnight-sara-dried-meat\/#primaryimage"},"thumbnailUrl":"https:\/\/sarapirtti.fi\/wp-content\/uploads\/2025\/11\/cropped-yon_yli_sara.png","datePublished":"2025-11-20T09:07:11+00:00","dateModified":"2026-01-05T12:42:42+00:00","breadcrumb":{"@id":"https:\/\/sarapirtti.fi\/en\/overnight-sara-dried-meat\/#breadcrumb"},"inLanguage":"en-US","potentialAction":[{"@type":"ReadAction","target":["https:\/\/sarapirtti.fi\/en\/overnight-sara-dried-meat\/"]}]},{"@type":"ImageObject","inLanguage":"en-US","@id":"https:\/\/sarapirtti.fi\/en\/overnight-sara-dried-meat\/#primaryimage","url":"https:\/\/sarapirtti.fi\/wp-content\/uploads\/2025\/11\/cropped-yon_yli_sara.png","contentUrl":"https:\/\/sarapirtti.fi\/wp-content\/uploads\/2025\/11\/cropped-yon_yli_sara.png"},{"@type":"BreadcrumbList","@id":"https:\/\/sarapirtti.fi\/en\/overnight-sara-dried-meat\/#breadcrumb","itemListElement":[{"@type":"ListItem","position":1,"name":"Etusivu","item":"https:\/\/sarapirtti.fi\/en\/"},{"@type":"ListItem","position":2,"name":"Overnight S\u00e4r\u00e4 &#8211; Dried Meat"}]},{"@type":"WebSite","@id":"https:\/\/sarapirtti.fi\/en\/#website","url":"https:\/\/sarapirtti.fi\/en\/","name":"S\u00e4r\u00e4pirtti - Lemin S\u00e4r\u00e4, Aito ja alkuper\u00e4inen","description":"S\u00e4r\u00e4pirtti Kippurasarvi on Suomen ainoa yhden ruuan ravintola. Tarjoamme ymp\u00e4rivuotisesti Lemin s\u00e4r\u00e4\u00e4 ravintolassa, sek\u00e4 s\u00e4r\u00e4\u00e4 voi tilata my\u00f6s verkkokaupan kautta. S\u00e4r\u00e4 on 1000 v perinteen mukaisesti, koivukaukalossa kypsennetty\u00e4 lammasherkkua.","publisher":{"@id":"https:\/\/sarapirtti.fi\/en\/#organization"},"potentialAction":[{"@type":"SearchAction","target":{"@type":"EntryPoint","urlTemplate":"https:\/\/sarapirtti.fi\/en\/?s={search_term_string}"},"query-input":{"@type":"PropertyValueSpecification","valueRequired":true,"valueName":"search_term_string"}}],"inLanguage":"en-US"},{"@type":"Organization","@id":"https:\/\/sarapirtti.fi\/en\/#organization","name":"S\u00e4r\u00e4pirtti - Lemin S\u00e4r\u00e4, Aito ja alkuper\u00e4inen","url":"https:\/\/sarapirtti.fi\/en\/","logo":{"@type":"ImageObject","inLanguage":"en-US","@id":"https:\/\/sarapirtti.fi\/en\/#\/schema\/logo\/image\/","url":"https:\/\/sarapirtti.fi\/wp-content\/uploads\/2025\/11\/cropped-cropped-cropped-cropped-cropped-cropped-cropped-sarapirtti-1.png","contentUrl":"https:\/\/sarapirtti.fi\/wp-content\/uploads\/2025\/11\/cropped-cropped-cropped-cropped-cropped-cropped-cropped-sarapirtti-1.png","width":448,"height":278,"caption":"S\u00e4r\u00e4pirtti - Lemin S\u00e4r\u00e4, Aito ja alkuper\u00e4inen"},"image":{"@id":"https:\/\/sarapirtti.fi\/en\/#\/schema\/logo\/image\/"}}]}},"_links":{"self":[{"href":"https:\/\/sarapirtti.fi\/en\/wp-json\/wp\/v2\/pages\/1386","targetHints":{"allow":["GET"]}}],"collection":[{"href":"https:\/\/sarapirtti.fi\/en\/wp-json\/wp\/v2\/pages"}],"about":[{"href":"https:\/\/sarapirtti.fi\/en\/wp-json\/wp\/v2\/types\/page"}],"author":[{"embeddable":true,"href":"https:\/\/sarapirtti.fi\/en\/wp-json\/wp\/v2\/users\/1"}],"replies":[{"embeddable":true,"href":"https:\/\/sarapirtti.fi\/en\/wp-json\/wp\/v2\/comments?post=1386"}],"version-history":[{"count":2,"href":"https:\/\/sarapirtti.fi\/en\/wp-json\/wp\/v2\/pages\/1386\/revisions"}],"predecessor-version":[{"id":2308,"href":"https:\/\/sarapirtti.fi\/en\/wp-json\/wp\/v2\/pages\/1386\/revisions\/2308"}],"wp:attachment":[{"href":"https:\/\/sarapirtti.fi\/en\/wp-json\/wp\/v2\/media?parent=1386"}],"curies":[{"name":"wp","href":"https:\/\/api.w.org\/{rel}","templated":true}]}}